{"id":6307,"date":"2021-02-23T21:35:30","date_gmt":"2021-02-23T21:35:30","guid":{"rendered":"http:\/\/3.17.211.28\/provedores-de-servicos\/"},"modified":"2025-10-01T21:29:32","modified_gmt":"2025-10-02T01:29:32","slug":"provedores-de-servicos","status":"publish","type":"page","link":"https:\/\/floridaconnexion.com\/pt\/provedores-de-servicos\/","title":{"rendered":"Parceiros"},"content":{"rendered":"<div class=\"wpb-content-wrapper\"><p>[vc_row][vc_column][vc_column_text]<\/p>\n<h3 style=\"text-align: center;\">Nossa empresa oferece um portf\u00f3lio de servi\u00e7os muito completo, tornando a Florida Connexion o fornecedor ideal para clientes internacionais que buscam uma abordagem simplificada para o que, de outra forma, \u00e9 considerado um processo altamente complicado. Estes s\u00e3o os nossos principais fornecedores de servi\u00e7os.<\/h3>\n<p>[\/vc_column_text][vc_empty_space height=&#8221;50px&#8221;][\/vc_column][\/vc_row][vc_row full_width=&#8221;stretch_row&#8221;][vc_column][vc_tta_accordion style=&#8221;flat&#8221; shape=&#8221;square&#8221; color=&#8221;white&#8221; spacing=&#8221;5&#8243; gap=&#8221;5&#8243; active_section=&#8221;1&#8243;][vc_tta_section i_icon_fontawesome=&#8221;fas fa-calculator&#8221; add_icon=&#8221;true&#8221; title=&#8221;Contabilidade&#8221; tab_id=&#8221;1614116261640-3ba8213e-6517&#8243;][vc_gallery type=&#8221;image_grid&#8221; images=&#8221;6308,6310,6311,6312,6313&#8243; img_size=&#8221;medium&#8221; onclick=&#8221;custom_link&#8221; custom_links_target=&#8221;_blank&#8221; custom_links=&#8221;#E-8_aHR0cHMlM0ElMkYlMkZ3d3cub3JsYW5kb3RheGNvYWNoLmNvbSUyQ2h0dHBzJTNBJTJGJTJGd3d3LnNhZmV0eXRheC5jb20lMkNodHRwJTNBJTJGJTJGdXN0YXhjb25zdWx0aW5nLm5ldCUyQ2h0dHBzJTNBJTJGJTJGd3d3LnRheHNvbHV0aW9uc2Jvb2trZWVwaW5nLmNvbSUyQ2h0dHBzJTNBJTJGJTJGbGFyc29uYWNjLmNvbQ==&#8221;][\/vc_tta_section][vc_tta_section i_icon_fontawesome=&#8221;fas fa-drafting-compass&#8221; add_icon=&#8221;true&#8221; title=&#8221;Arquiteto&#8221; tab_id=&#8221;1614116511817-715ea4bb-4c0e&#8221;][vc_column_text]Em breve estaremos com um novo parceiro. Caso queira entrar em contato, <a href=\"https:\/\/floridaconnexion.com\/pt\/contato\/\">clique aqui<\/a>.<\/p>\n<p>[\/vc_column_text][\/vc_tta_section][vc_tta_section i_icon_fontawesome=&#8221;fas fa-gavel&#8221; add_icon=&#8221;true&#8221; title=&#8221;Advogados&#8221; tab_id=&#8221;1614116579582-6e704e8b-5988&#8243;][vc_gallery type=&#8221;image_grid&#8221; images=&#8221;6316,6317,6322,6324,6325,12145&#8243; img_size=&#8221;medium&#8221; onclick=&#8221;custom_link&#8221; custom_links_target=&#8221;_blank&#8221; custom_links=&#8221;#E-8_aHR0cHMlM0ElMkYlMkZiYXJib3NhbGVnYWwuY29tJTJDaHR0cHMlM0ElMkYlMkZ3d3cuYmljYWxoby5jb20lMkNodHRwcyUzQSUyRiUyRnd3dy5wYXVsYW1vbnRveWFsYXcuY29tJTJDaHR0cHMlM0ElMkYlMkZ3YWx0ZXJzYW50b3MuY29tJTJDaHR0cHMlM0ElMkYlMkZteXZvaWdodC5jb20lMkNodHRwcyUzQSUyRiUyRnd3dy5waW5ob2xhdy5jb20lMkY=&#8221;][\/vc_tta_section][vc_tta_section i_icon_fontawesome=&#8221;fas fa-university&#8221; add_icon=&#8221;true&#8221; title=&#8221;Bancos&#8221; tab_id=&#8221;1614116709219-98a82b73-79b1&#8243;][vc_gallery type=&#8221;image_grid&#8221; images=&#8221;6326,6327,6328,6329,6330&#8243; img_size=&#8221;medium&#8221; onclick=&#8221;custom_link&#8221; custom_links=&#8221;#E-8_aHR0cHMlM0ElMkYlMkZ3d3cuYmJhbWVyaWNhcy5jb20lMkNodHRwcyUzQSUyRiUyRnd3dy5iYW5rb2ZhbWVyaWNhLmNvbSUyQ2h0dHBzJTNBJTJGJTJGd3d3LmNoYXNlLmNvbSUyQ2h0dHBzJTNBJTJGJTJGd3d3LnJlZ2lvbnMuY29tJTJDaHR0cHMlM0ElMkYlMkZ3d3cud2VsbHNmYXJnby5jb20=&#8221;][\/vc_tta_section][vc_tta_section i_icon_fontawesome=&#8221;fas fa-car-side&#8221; add_icon=&#8221;true&#8221; title=&#8221;Concession\u00e1ria&#8221; tab_id=&#8221;1614119409704-e1bc9396-d685&#8243;][vc_single_image image=&#8221;6331&#8243; img_size=&#8221;medium&#8221; onclick=&#8221;custom_link&#8221; img_link_target=&#8221;_blank&#8221; link=&#8221;https:\/\/carpointoforlando.com&#8221;][\/vc_tta_section][vc_tta_section i_icon_fontawesome=&#8221;fas fa-building&#8221; add_icon=&#8221;true&#8221; title=&#8221;Consultoria&#8221; tab_id=&#8221;1614119443973-83f0d9dc-d048&#8243;][vc_column_text]Em breve estaremos com um novo parceiro. Caso queira entrar em contato, <a href=\"https:\/\/floridaconnexion.com\/pt\/contato\/\">clique aqui<\/a>.<\/p>\n<p>[\/vc_column_text][\/vc_tta_section][vc_tta_section i_icon_fontawesome=&#8221;fas fa-truck&#8221; add_icon=&#8221;true&#8221; title=&#8221;Empreiteiros&#8221; tab_id=&#8221;1614119553654-65724885-b485&#8243;][vc_column_text]Em breve estaremos com um novo parceiro. Caso queira entrar em contato, <a href=\"https:\/\/floridaconnexion.com\/pt\/contato\/\">clique aqui<\/a>..<\/p>\n<p>[\/vc_column_text][\/vc_tta_section][vc_tta_section i_icon_fontawesome=&#8221;fas fa-dollar-sign&#8221; add_icon=&#8221;true&#8221; title=&#8221;Financiamento&#8221; tab_id=&#8221;1614119600746-40b0cd43-f4c2&#8243;][vc_gallery type=&#8221;image_grid&#8221; images=&#8221;6333,6335,6336,6338,6339&#8243; img_size=&#8221;medium&#8221; onclick=&#8221;custom_link&#8221; custom_links=&#8221;#E-8_aHR0cHMlM0ElMkYlMkZ3d3cuYmJhbWVyaWNhcy5jb20lMkNodHRwcyUzQSUyRiUyRmNyb3NzY291bnRyeW1vcnRnYWdlLmNvbSUyQ2h0dHAlM0ElMkYlMkZ3d3cuZXF1aXRpZmlyc3Rtb3J0Z2FnZS5jb20lMkNodHRwcyUzQSUyRiUyRmZsb3dhbWVyaWNhLmNvbSUyQ2h0dHBzJTNBJTJGJTJGd3d3LmhlbG1iYW5rdXNhLmNvbQ==&#8221;][\/vc_tta_section][vc_tta_section i_icon_fontawesome=&#8221;fas fa-briefcase-medical&#8221; add_icon=&#8221;true&#8221; title=&#8221;Seguro sa\u00fade e seguro de vida&#8221; tab_id=&#8221;1614119648748-4d7eb1cb-8111&#8243;][vc_gallery type=&#8221;image_grid&#8221; images=&#8221;6342&#8243; img_size=&#8221;medium&#8221; onclick=&#8221;custom_link&#8221; custom_links_target=&#8221;_blank&#8221; custom_links=&#8221;#E-8_aHR0cHMlM0ElMkYlMkZhc3N1cmVsaW5laW5zdXJhbmNlLmNvbSUyRg==&#8221;][\/vc_tta_section][vc_tta_section i_icon_fontawesome=&#8221;fas fa-file-alt&#8221; add_icon=&#8221;true&#8221; title=&#8221;Seguro residencial e automotivo&#8221; tab_id=&#8221;1614119686670-8723aff6-b248&#8243;][vc_gallery type=&#8221;image_grid&#8221; images=&#8221;6344&#8243; img_size=&#8221;medium&#8221; onclick=&#8221;custom_link&#8221; custom_links_target=&#8221;_blank&#8221; custom_links=&#8221;#E-8_aHR0cHMlM0ElMkYlMkZ3d3cuYWlwZmxvcmlkYS5jb20=&#8221;][\/vc_tta_section][vc_tta_section i_icon_fontawesome=&#8221;fas fa-shipping-fast&#8221; add_icon=&#8221;true&#8221; title=&#8221;Melhoria e reformas de im\u00f3veis&#8221; tab_id=&#8221;1614119745532-854d4d98-15ad&#8221;][vc_gallery type=&#8221;image_grid&#8221; images=&#8221;6346&#8243; img_size=&#8221;medium&#8221; onclick=&#8221;custom_link&#8221; custom_links_target=&#8221;_blank&#8221; custom_links=&#8221;#E-8_aHR0cHMlM0ElMkYlMkZ3d3cuZmFjZWJvb2suY29tJTJGc3RpbGxvaG9tZWltcHJvdmVtZW50JTJG&#8221;][\/vc_tta_section][vc_tta_section i_icon_fontawesome=&#8221;fas fa-user-check&#8221; add_icon=&#8221;true&#8221; title=&#8221;Imigra\u00e7\u00e3o&#8221; tab_id=&#8221;1614119880547-bf8eccad-684c&#8221;][vc_gallery type=&#8221;image_grid&#8221; images=&#8221;12145,6317&#8243; img_size=&#8221;medium&#8221; onclick=&#8221;custom_link&#8221; custom_links=&#8221;#E-8_aHR0cHMlM0ElMkYlMkZ3d3cucGluaG9sYXcuY29tJTJGJTJDaHR0cHMlM0ElMkYlMkZiaWNhbGhvLmNvbSUyRiUyQw==&#8221;][\/vc_tta_section][vc_tta_section i_icon_fontawesome=&#8221;fas fa-swatchbook&#8221; add_icon=&#8221;true&#8221; title=&#8221;Designer de interiores&#8221; tab_id=&#8221;1614119923823-3a95487e-829d&#8221;][vc_column_text]<span style=\"font-weight: 400;\">Elen Amaral\u2019s<\/span><\/p>\n<p>[\/vc_column_text][\/vc_tta_section][vc_tta_section i_icon_fontawesome=&#8221;fas fa-exchange-alt&#8221; add_icon=&#8221;true&#8221; title=&#8221;Transfer\u00eancias de Dinheiro&#8221; tab_id=&#8221;1614119967220-d319f33c-3ae3&#8243;][vc_gallery type=&#8221;image_grid&#8221; images=&#8221;6356&#8243; img_size=&#8221;medium&#8221; onclick=&#8221;custom_link&#8221; custom_links=&#8221;#E-8_aHR0cHMlM0ElMkYlMkZ3d3cubW9uZXljb3JwLmNvbSUyRg==&#8221;][\/vc_tta_section][vc_tta_section i_icon_fontawesome=&#8221;fas fa-language&#8221; add_icon=&#8221;true&#8221; title=&#8221;Tradu\u00e7\u00e3o&#8221; tab_id=&#8221;1614120043129-31153551-a59f&#8221;][vc_gallery type=&#8221;image_grid&#8221; images=&#8221;6359&#8243; img_size=&#8221;medium&#8221;][\/vc_tta_section][\/vc_tta_accordion][vc_empty_space][\/vc_column][\/vc_row][vc_row][vc_column]<div class=\" \">\r\n\t\r\n        <div class=\"mh-heading-wrapper\">\r\n            <h2            class=\"mh-heading  mh-heading--bottom-separator   \"\r\n            style=\"font-weight:700;\">\r\n\t\t\tFale Conosco        <\/h2>\r\n\r\n\t\t    <\/div>\r\n\r\n\t<\/div>[\/vc_column][\/vc_row][vc_row full_width=&#8221;stretch_row&#8221; css=&#8221;.vc_custom_1614115350791{background-color: #f4f4f4 !important;}&#8221;][vc_column width=&#8221;1\/2&#8243;][vc_icon icon_fontawesome=&#8221;fas fa-calendar-check&#8221; color=&#8221;custom&#8221; size=&#8221;xl&#8221; align=&#8221;center&#8221; custom_color=&#8221;#152f55&#8243;]<div id=\"ultib3-329307014769e619b7a402d\" class=\" ultb3-box ult-adjust-bottom-margin  \" style=\"\"><div id=\"Info-banner-wrap1143\" class=\"ultb3-info ib3-info-center\" data-animation=\"\" data-animation-delay=\"03\"><a href=\"https:\/\/lp.floridaconnexion.com\/agende-sua-reuniao-estrategica\" title=\"AGENDE SUA REUNI\u00c3O ESTRAT\u00c9GICA\" target=\"target=\"_blank\"\"  class=\"ultb3-btn ult-responsive\"  data-ultimate-target='#Info-banner-wrap1143 .ultb3-btn'  data-responsive-json-new='{\"font-size\":\"\",\"line-height\":\"\"}'  style=\"font-weight:normal;\">AGENDE SUA REUNI\u00c3O ESTRAT\u00c9GICA<i class=\"Defaults-angle-right\"><\/i><\/a><\/div><\/div><style>\n\t\t\t\t\t#ultib3-329307014769e619b7a402d {\n\t\t\t\t\t\tmin-height:50px;\n\t\t\t\t\t}\n\t\t\t\t\t#ultib3-329307014769e619b7a402d img.ultb3-img {\n\t\t\t\t\t\theight: px;\n\t\t\t\t\t}\n\t\t\t\t\t#ultib3-329307014769e619b7a402d .ultb3-btn {\n\t\t\t\t\t\tborder:2px solid #152f55;border-radius:2px;color:#152f55;\n\t\t\t\t\t}\n\t\t\t\t\t#ultib3-329307014769e619b7a402d .ultb3-btn:hover {\n\t\t\t\t\t\tbackground:#152f55;color:#ffffff;\n\t\t\t\t\t}\n\t\t\t\t\t#ultib3-329307014769e619b7a402d .ultb3-btn:focus {\n\t\t\t\t\t\toutline: 2px solid #005fcc;\n\t\t\t\t\t\toutline-offset: 2px;\n\t\t\t\t\t}\n\t\t\t\t<\/style>[\/vc_column][vc_column width=&#8221;1\/2&#8243;][vc_icon icon_fontawesome=&#8221;fas fa-question-circle&#8221; color=&#8221;custom&#8221; size=&#8221;xl&#8221; align=&#8221;center&#8221; custom_color=&#8221;#152f55&#8243;]<div id=\"ultib3-192722559869e619b7a40a9\" class=\" ultb3-box ult-adjust-bottom-margin  \" style=\"\"><div id=\"Info-banner-wrap9666\" class=\"ultb3-info ib3-info-center\" data-animation=\"\" data-animation-delay=\"03\"><a href=\"https:\/\/www.floridaconnexion.com\/pt\/faq\/\" title=\"FAQ - Florida Connexion | Portugu\u00eas\" target=\"target=\"_blank\"\"  class=\"ultb3-btn ult-responsive\"  data-ultimate-target='#Info-banner-wrap9666 .ultb3-btn'  data-responsive-json-new='{\"font-size\":\"\",\"line-height\":\"\"}'  style=\"font-weight:normal;\">FAQ<i class=\"Defaults-angle-right\"><\/i><\/a><\/div><\/div><style>\n\t\t\t\t\t#ultib3-192722559869e619b7a40a9 {\n\t\t\t\t\t\tmin-height:50px;\n\t\t\t\t\t}\n\t\t\t\t\t#ultib3-192722559869e619b7a40a9 img.ultb3-img {\n\t\t\t\t\t\theight: px;\n\t\t\t\t\t}\n\t\t\t\t\t#ultib3-192722559869e619b7a40a9 .ultb3-btn {\n\t\t\t\t\t\tborder:2px solid #152f55;border-radius:2px;color:#152f55;\n\t\t\t\t\t}\n\t\t\t\t\t#ultib3-192722559869e619b7a40a9 .ultb3-btn:hover {\n\t\t\t\t\t\tbackground:#152f55;color:#ffffff;\n\t\t\t\t\t}\n\t\t\t\t\t#ultib3-192722559869e619b7a40a9 .ultb3-btn:focus {\n\t\t\t\t\t\toutline: 2px solid #005fcc;\n\t\t\t\t\t\toutline-offset: 2px;\n\t\t\t\t\t}\n\t\t\t\t<\/style>[\/vc_column][\/vc_row]<\/p>\n<\/div>","protected":false},"excerpt":{"rendered":"<p>[vc_row][vc_column][vc_column_text] Nossa empresa oferece um portf\u00f3lio de servi\u00e7os muito completo, tornando a Florida Connexion o fornecedor ideal para clientes internacionais que buscam uma abordagem simplificada para o que, de outra forma, \u00e9 considerado um processo altamente complicado. Estes s\u00e3o os nossos principais fornecedores de servi\u00e7os. [\/vc_column_text][vc_empty_space height=&#8221;50px&#8221;][\/vc_column][\/vc_row][vc_row full_width=&#8221;stretch_row&#8221;][vc_column][vc_tta_accordion style=&#8221;flat&#8221; shape=&#8221;square&#8221; color=&#8221;white&#8221; spacing=&#8221;5&#8243; gap=&#8221;5&#8243; active_section=&#8221;1&#8243;][vc_tta_section i_icon_fontawesome=&#8221;fas [&hellip;]<\/p>\n","protected":false},"author":1,"featured_media":0,"parent":0,"menu_order":0,"comment_status":"closed","ping_status":"closed","template":"page_full-width-with-top-title.php","meta":{"_acf_changed":false,"_monsterinsights_skip_tracking":false,"_monsterinsights_sitenote_active":false,"_monsterinsights_sitenote_note":"","_monsterinsights_sitenote_category":0,"footnotes":""},"class_list":["post-6307","page","type-page","status-publish","hentry"],"acf":[],"yoast_head":"<!-- This site is optimized with the Yoast SEO Premium plugin v27.4 (Yoast SEO v27.4) - https:\/\/yoast.com\/product\/yoast-seo-premium-wordpress\/ -->\n<title>Parceiros | Orlando real estate broker: Florida Connexion: Best real estate agents in Orlando<\/title>\n<meta name=\"robots\" content=\"index, follow, max-snippet:-1, max-image-preview:large, max-video-preview:-1\" \/>\n<link rel=\"canonical\" href=\"https:\/\/floridaconnexion.com\/pt\/provedores-de-servicos\/\" \/>\n<meta property=\"og:locale\" content=\"pt_PT\" \/>\n<meta property=\"og:type\" content=\"article\" \/>\n<meta property=\"og:title\" content=\"Parceiros\" \/>\n<meta property=\"og:description\" content=\"Nossa empresa oferece um portf\u00f3lio de servi\u00e7os muito completo, tornando a Florida Connexion o fornecedor ideal para clientes internacionais que buscam uma\" \/>\n<meta property=\"og:url\" content=\"https:\/\/floridaconnexion.com\/pt\/provedores-de-servicos\/\" \/>\n<meta property=\"og:site_name\" content=\"Orlando real estate broker: Florida Connexion: Best real estate agents in Orlando\" \/>\n<meta property=\"article:publisher\" content=\"https:\/\/www.facebook.com\/FloridaConnexion\/\" \/>\n<meta property=\"article:modified_time\" content=\"2025-10-02T01:29:32+00:00\" \/>\n<meta property=\"og:image\" content=\"https:\/\/floridaconnexion.com\/wp-content\/uploads\/2022\/11\/FC_new_logo.png\" \/>\n\t<meta property=\"og:image:width\" content=\"2048\" \/>\n\t<meta property=\"og:image:height\" content=\"1021\" \/>\n\t<meta property=\"og:image:type\" content=\"image\/png\" \/>\n<meta name=\"twitter:card\" content=\"summary_large_image\" \/>\n<meta name=\"twitter:label1\" content=\"Est. reading time\" \/>\n\t<meta name=\"twitter:data1\" content=\"8 minutes\" \/>\n<script type=\"application\/ld+json\" class=\"yoast-schema-graph\">{\"@context\":\"https:\\\/\\\/schema.org\",\"@graph\":[{\"@type\":\"WebPage\",\"@id\":\"https:\\\/\\\/floridaconnexion.com\\\/pt\\\/provedores-de-servicos\\\/\",\"url\":\"https:\\\/\\\/floridaconnexion.com\\\/pt\\\/provedores-de-servicos\\\/\",\"name\":\"Parceiros | Orlando real estate broker: Florida Connexion: Best real estate agents in Orlando\",\"isPartOf\":{\"@id\":\"https:\\\/\\\/floridaconnexion.com\\\/pt\\\/#website\"},\"datePublished\":\"2021-02-23T21:35:30+00:00\",\"dateModified\":\"2025-10-02T01:29:32+00:00\",\"breadcrumb\":{\"@id\":\"https:\\\/\\\/floridaconnexion.com\\\/pt\\\/provedores-de-servicos\\\/#breadcrumb\"},\"inLanguage\":\"pt\",\"potentialAction\":[{\"@type\":\"ReadAction\",\"target\":[\"https:\\\/\\\/floridaconnexion.com\\\/pt\\\/provedores-de-servicos\\\/\"]}]},{\"@type\":\"BreadcrumbList\",\"@id\":\"https:\\\/\\\/floridaconnexion.com\\\/pt\\\/provedores-de-servicos\\\/#breadcrumb\",\"itemListElement\":[{\"@type\":\"ListItem\",\"position\":1,\"name\":\"Casa\",\"item\":\"https:\\\/\\\/floridaconnexion.com\\\/pt\\\/\"},{\"@type\":\"ListItem\",\"position\":2,\"name\":\"Parceiros\"}]},{\"@type\":\"WebSite\",\"@id\":\"https:\\\/\\\/floridaconnexion.com\\\/pt\\\/#website\",\"url\":\"https:\\\/\\\/floridaconnexion.com\\\/pt\\\/\",\"name\":\"Orlando real estate broker: Florida Connexion: Best real estate agents in Orlando\",\"description\":\"Buy house in Orlando, Sell property Florida, Homes for sale in Orlando\",\"publisher\":{\"@id\":\"https:\\\/\\\/floridaconnexion.com\\\/pt\\\/#organization\"},\"alternateName\":\"Orlando property listings, Orlando real estate services, Orlando real estate market\",\"potentialAction\":[{\"@type\":\"SearchAction\",\"target\":{\"@type\":\"EntryPoint\",\"urlTemplate\":\"https:\\\/\\\/floridaconnexion.com\\\/pt\\\/?s={search_term_string}\"},\"query-input\":{\"@type\":\"PropertyValueSpecification\",\"valueRequired\":true,\"valueName\":\"search_term_string\"}}],\"inLanguage\":\"pt\"},{\"@type\":\"Organization\",\"@id\":\"https:\\\/\\\/floridaconnexion.com\\\/pt\\\/#organization\",\"name\":\"Florida Connexion Properties: Orlando real estate broker: Buy house in Orlando\",\"alternateName\":\"Buy house in Orlando, Sell property Florida, Homes for sale in Orlando\",\"url\":\"https:\\\/\\\/floridaconnexion.com\\\/pt\\\/\",\"logo\":{\"@type\":\"ImageObject\",\"inLanguage\":\"pt\",\"@id\":\"https:\\\/\\\/floridaconnexion.com\\\/pt\\\/#\\\/schema\\\/logo\\\/image\\\/\",\"url\":\"https:\\\/\\\/floridaconnexion.com\\\/wp-content\\\/uploads\\\/2022\\\/11\\\/FC_new_logo_map.png\",\"contentUrl\":\"https:\\\/\\\/floridaconnexion.com\\\/wp-content\\\/uploads\\\/2022\\\/11\\\/FC_new_logo_map.png\",\"width\":1023,\"height\":856,\"caption\":\"Florida Connexion Properties: Orlando real estate broker: Buy house in Orlando\"},\"image\":{\"@id\":\"https:\\\/\\\/floridaconnexion.com\\\/pt\\\/#\\\/schema\\\/logo\\\/image\\\/\"},\"sameAs\":[\"https:\\\/\\\/www.facebook.com\\\/FloridaConnexion\\\/\",\"https:\\\/\\\/www.instagram.com\\\/floridaconnexion\\\/\",\"https:\\\/\\\/www.linkedin.com\\\/company\\\/florida-connexion\",\"https:\\\/\\\/www.youtube.com\\\/user\\\/floridaconnexion\"],\"description\":\"Florida Connexion Properties is an investment boutique specialized in serving foreign investors in the U.S. market. With 15 years of experience, our expertise spans residential and commercial real estate, as well as business brokerage. We design personalized strategies for wealth preservation, cash flow generation, and asset dollarization. We have a strong presence in Central Florida (Orlando, Windermere, Winter Garden, etc.), South Florida (Miami, Sunny Isles, Boca Raton, etc.), and the Gulf Coast (Tampa, Sarasota). Our multicultural team provides expert guidance in multiple languages, ensuring a seamless experience for global clients. Find the ideal strategy for your goals with specialists who deeply understand the Florida market.\"}]}<\/script>\n<!-- \/ Yoast SEO Premium plugin. -->","yoast_head_json":{"title":"Parceiros | Orlando real estate broker: Florida Connexion: Best real estate agents in Orlando","robots":{"index":"index","follow":"follow","max-snippet":"max-snippet:-1","max-image-preview":"max-image-preview:large","max-video-preview":"max-video-preview:-1"},"canonical":"https:\/\/floridaconnexion.com\/pt\/provedores-de-servicos\/","og_locale":"pt_PT","og_type":"article","og_title":"Parceiros","og_description":"Nossa empresa oferece um portf\u00f3lio de servi\u00e7os muito completo, tornando a Florida Connexion o fornecedor ideal para clientes internacionais que buscam uma","og_url":"https:\/\/floridaconnexion.com\/pt\/provedores-de-servicos\/","og_site_name":"Orlando real estate broker: Florida Connexion: Best real estate agents in Orlando","article_publisher":"https:\/\/www.facebook.com\/FloridaConnexion\/","article_modified_time":"2025-10-02T01:29:32+00:00","og_image":[{"width":2048,"height":1021,"url":"https:\/\/floridaconnexion.com\/wp-content\/uploads\/2022\/11\/FC_new_logo.png","type":"image\/png"}],"twitter_card":"summary_large_image","twitter_misc":{"Est. reading time":"8 minutes"},"schema":{"@context":"https:\/\/schema.org","@graph":[{"@type":"WebPage","@id":"https:\/\/floridaconnexion.com\/pt\/provedores-de-servicos\/","url":"https:\/\/floridaconnexion.com\/pt\/provedores-de-servicos\/","name":"Parceiros | Orlando real estate broker: Florida Connexion: Best real estate agents in Orlando","isPartOf":{"@id":"https:\/\/floridaconnexion.com\/pt\/#website"},"datePublished":"2021-02-23T21:35:30+00:00","dateModified":"2025-10-02T01:29:32+00:00","breadcrumb":{"@id":"https:\/\/floridaconnexion.com\/pt\/provedores-de-servicos\/#breadcrumb"},"inLanguage":"pt","potentialAction":[{"@type":"ReadAction","target":["https:\/\/floridaconnexion.com\/pt\/provedores-de-servicos\/"]}]},{"@type":"BreadcrumbList","@id":"https:\/\/floridaconnexion.com\/pt\/provedores-de-servicos\/#breadcrumb","itemListElement":[{"@type":"ListItem","position":1,"name":"Casa","item":"https:\/\/floridaconnexion.com\/pt\/"},{"@type":"ListItem","position":2,"name":"Parceiros"}]},{"@type":"WebSite","@id":"https:\/\/floridaconnexion.com\/pt\/#website","url":"https:\/\/floridaconnexion.com\/pt\/","name":"Orlando real estate broker: Florida Connexion: Best real estate agents in Orlando","description":"Buy house in Orlando, Sell property Florida, Homes for sale in Orlando","publisher":{"@id":"https:\/\/floridaconnexion.com\/pt\/#organization"},"alternateName":"Orlando property listings, Orlando real estate services, Orlando real estate market","potentialAction":[{"@type":"SearchAction","target":{"@type":"EntryPoint","urlTemplate":"https:\/\/floridaconnexion.com\/pt\/?s={search_term_string}"},"query-input":{"@type":"PropertyValueSpecification","valueRequired":true,"valueName":"search_term_string"}}],"inLanguage":"pt"},{"@type":"Organization","@id":"https:\/\/floridaconnexion.com\/pt\/#organization","name":"Florida Connexion Properties: Orlando real estate broker: Buy house in Orlando","alternateName":"Buy house in Orlando, Sell property Florida, Homes for sale in Orlando","url":"https:\/\/floridaconnexion.com\/pt\/","logo":{"@type":"ImageObject","inLanguage":"pt","@id":"https:\/\/floridaconnexion.com\/pt\/#\/schema\/logo\/image\/","url":"https:\/\/floridaconnexion.com\/wp-content\/uploads\/2022\/11\/FC_new_logo_map.png","contentUrl":"https:\/\/floridaconnexion.com\/wp-content\/uploads\/2022\/11\/FC_new_logo_map.png","width":1023,"height":856,"caption":"Florida Connexion Properties: Orlando real estate broker: Buy house in Orlando"},"image":{"@id":"https:\/\/floridaconnexion.com\/pt\/#\/schema\/logo\/image\/"},"sameAs":["https:\/\/www.facebook.com\/FloridaConnexion\/","https:\/\/www.instagram.com\/floridaconnexion\/","https:\/\/www.linkedin.com\/company\/florida-connexion","https:\/\/www.youtube.com\/user\/floridaconnexion"],"description":"Florida Connexion Properties is an investment boutique specialized in serving foreign investors in the U.S. market. With 15 years of experience, our expertise spans residential and commercial real estate, as well as business brokerage. We design personalized strategies for wealth preservation, cash flow generation, and asset dollarization. We have a strong presence in Central Florida (Orlando, Windermere, Winter Garden, etc.), South Florida (Miami, Sunny Isles, Boca Raton, etc.), and the Gulf Coast (Tampa, Sarasota). Our multicultural team provides expert guidance in multiple languages, ensuring a seamless experience for global clients. Find the ideal strategy for your goals with specialists who deeply understand the Florida market."}]}},"_links":{"self":[{"href":"https:\/\/floridaconnexion.com\/pt\/wp-json\/wp\/v2\/pages\/6307","targetHints":{"allow":["GET"]}}],"collection":[{"href":"https:\/\/floridaconnexion.com\/pt\/wp-json\/wp\/v2\/pages"}],"about":[{"href":"https:\/\/floridaconnexion.com\/pt\/wp-json\/wp\/v2\/types\/page"}],"author":[{"embeddable":true,"href":"https:\/\/floridaconnexion.com\/pt\/wp-json\/wp\/v2\/users\/1"}],"replies":[{"embeddable":true,"href":"https:\/\/floridaconnexion.com\/pt\/wp-json\/wp\/v2\/comments?post=6307"}],"version-history":[{"count":47,"href":"https:\/\/floridaconnexion.com\/pt\/wp-json\/wp\/v2\/pages\/6307\/revisions"}],"predecessor-version":[{"id":18318,"href":"https:\/\/floridaconnexion.com\/pt\/wp-json\/wp\/v2\/pages\/6307\/revisions\/18318"}],"wp:attachment":[{"href":"https:\/\/floridaconnexion.com\/pt\/wp-json\/wp\/v2\/media?parent=6307"}],"curies":[{"name":"wp","href":"https:\/\/api.w.org\/{rel}","templated":true}]}}