{"id":6303,"date":"2021-03-25T19:47:09","date_gmt":"2021-03-25T19:47:09","guid":{"rendered":"http:\/\/3.17.211.28\/porque-nos\/"},"modified":"2025-10-01T21:54:08","modified_gmt":"2025-10-02T01:54:08","slug":"porque-nos","status":"publish","type":"page","link":"https:\/\/floridaconnexion.com\/pt\/porque-nos\/","title":{"rendered":"Porque N\u00f3s?"},"content":{"rendered":"<div class=\"wpb-content-wrapper\"><p>[vc_row full_width=&#8221;stretch_row&#8221;][vc_column width=&#8221;1\/2&#8243;]<div class=\" \">\r\n\t\r\n        <div class=\"mh-heading-wrapper\">\r\n            <h2            class=\"mh-heading  mh-heading--bottom-separator   \"\r\n            style=\"font-weight:700;\">\r\n\t\t\tPor que a Florida Connexion?        <\/h2>\r\n\r\n\t\t    <\/div>\r\n\r\n\t<\/div>[vc_column_text]<\/p>\n<p align=\"justify\">A Florida Connexion \u00e9 uma imobili\u00e1ria do estado da Fl\u00f3rida que atende principalmente os investidores internacionais interessados em comprar propriedades ou se mudar para este estado ensolarado. A empresa tamb\u00e9m atende o mercado local de compradores.<\/p>\n<p align=\"justify\">Temos uma forte presen\u00e7a na Fl\u00f3rida Central, onde est\u00e3o <a href=\"https:\/\/floridaconnexion.com\/pt\/orlando-e-miami\/\">Orlando<\/a>, Windermere, Kissimmee, Winter Garden, Davenport, Celebration, <a href=\"https:\/\/floridaconnexion.com\/pt\/clermont-florida-onde-a-beleza-da-natureza-encontra-a-vida-ideal\/\">Clermont<\/a>, Champions Gate; e no sul da Fl\u00f3rida, onde est\u00e3o <a href=\"https:\/\/floridaconnexion.com\/pt\/descubra-a-beleza-arquitetonica-da-florida-tesouros-historicos-e-encantos-culturais\/\">Miami<\/a>, Sunny Isles, Aventura, Miami Beach, Fort Lauderdale e Boca Raton.<\/p>\n<p align=\"justify\">Atualmente estamos expandindo para outras grandes \u00e1reas urbanas do estado, como Sarasota, <a href=\"https:\/\/floridaconnexion.com\/pt\/explorando-o-mercado-imobiliario-em-tampa-oportunidades-e-tendencias\/\">Tampa<\/a> e vizinhan\u00e7as.<\/p>\n<p align=\"justify\">Nossa miss\u00e3o \u00e9 oferecer aos nossos clientes um servi\u00e7o individual e personalizado de classe internacional para todas as suas necessidades imobili\u00e1rias. A abordagem dos servi\u00e7os pela Florida Connexion \u00e9 estilo boutique, focalizando na singularidade de cada neg\u00f3cio, ao contr\u00e1rio da abordagem massificadora de franquias e grandes corpora\u00e7\u00f5es.<\/p>\n<p align=\"justify\">Seus corretores e colaboradores tem vasta experi\u00eancia internacional, com a capacidade de se comunicar e realizar neg\u00f3cios em ingl\u00eas, portugu\u00eas, espanhol, franc\u00eas, italiano e chin\u00eas. A empresa oferece uma abordagem personalizada e particular, mesmo para clientes internacionais, ou seja, fora dos Estados Unidos.<\/p>\n<p>[\/vc_column_text][\/vc_column][vc_column width=&#8221;1\/2&#8243;]<div class=\" \">\r\n\t\r\n        <div class=\"mh-heading-wrapper\">\r\n            <h2            class=\"mh-heading  mh-heading--bottom-separator   \"\r\n            style=\"font-weight:700;\">\r\n\t\t\tContate-nos agora mesmo!        <\/h2>\r\n\r\n\t\t    <\/div>\r\n\r\n\t<\/div>\n<div class=\"wpcf7 no-js\" id=\"wpcf7-f6661-o1\" lang=\"en-US\" dir=\"ltr\" data-wpcf7-id=\"6661\">\n<div class=\"screen-reader-response\"><p role=\"status\" aria-live=\"polite\" aria-atomic=\"true\"><\/p> <ul><\/ul><\/div>\n<form action=\"\/pt\/wp-json\/wp\/v2\/pages\/6303#wpcf7-f6661-o1\" method=\"post\" class=\"wpcf7-form init\" aria-label=\"Contact form\" novalidate=\"novalidate\" data-status=\"init\">\n<fieldset class=\"hidden-fields-container\"><input type=\"hidden\" name=\"_wpcf7\" value=\"6661\" \/><input type=\"hidden\" name=\"_wpcf7_version\" value=\"6.1.5\" \/><input type=\"hidden\" name=\"_wpcf7_locale\" value=\"en_US\" \/><input type=\"hidden\" name=\"_wpcf7_unit_tag\" value=\"wpcf7-f6661-o1\" \/><input type=\"hidden\" name=\"_wpcf7_container_post\" value=\"0\" \/><input type=\"hidden\" name=\"_wpcf7_posted_data_hash\" value=\"\" \/><input type=\"hidden\" name=\"_wpcf7cf_hidden_group_fields\" value=\"[]\" \/><input type=\"hidden\" name=\"_wpcf7cf_hidden_groups\" value=\"[]\" \/><input type=\"hidden\" name=\"_wpcf7cf_visible_groups\" value=\"[]\" \/><input type=\"hidden\" name=\"_wpcf7cf_repeaters\" value=\"[]\" \/><input type=\"hidden\" name=\"_wpcf7cf_steps\" value=\"{}\" \/><input type=\"hidden\" name=\"_wpcf7cf_options\" value=\"{&quot;form_id&quot;:6661,&quot;conditions&quot;:[],&quot;settings&quot;:{&quot;animation&quot;:&quot;yes&quot;,&quot;animation_intime&quot;:200,&quot;animation_outtime&quot;:200,&quot;conditions_ui&quot;:&quot;normal&quot;,&quot;notice_dismissed&quot;:false}}\" \/><input type=\"hidden\" name=\"_uacf7_hidden_conditional_fields\" value=\"\" \/><input type=\"hidden\" name=\"_wpcf7_recaptcha_response\" value=\"\" \/>\n<\/fieldset>\n<div class=\"uacf7-form-wrapper-container uacf7-form-6661  \"><label><span class=\"wpcf7-form-control-wrap\" data-name=\"your-name\"><input size=\"40\" maxlength=\"400\" class=\"wpcf7-form-control wpcf7-text wpcf7-validates-as-required\" aria-required=\"true\" aria-invalid=\"false\" placeholder=\"Nome*\" value=\"\" type=\"text\" name=\"your-name\" \/><\/span><\/label>\n<label><span class=\"wpcf7-form-control-wrap\" data-name=\"your-phone\"><input size=\"40\" maxlength=\"400\" class=\"wpcf7-form-control wpcf7-tel wpcf7-validates-as-required wpcf7-text wpcf7-validates-as-tel\" aria-required=\"true\" aria-invalid=\"false\" placeholder=\"Telefone*\" value=\"\" type=\"tel\" name=\"your-phone\" \/><\/span><\/label>\n<label><span class=\"wpcf7-form-control-wrap\" data-name=\"your-email\"><input size=\"40\" maxlength=\"400\" class=\"wpcf7-form-control wpcf7-email wpcf7-validates-as-required wpcf7-text wpcf7-validates-as-email\" aria-required=\"true\" aria-invalid=\"false\" placeholder=\"E-mail*\" value=\"\" type=\"email\" name=\"your-email\" \/><\/span><\/label>\n<label><span class=\"wpcf7-form-control-wrap\" data-name=\"your-subject\"><input size=\"40\" maxlength=\"400\" class=\"wpcf7-form-control wpcf7-text\" aria-invalid=\"false\" placeholder=\"Assunto\" value=\"\" type=\"text\" name=\"your-subject\" \/><\/span> <\/label>\n<label><span class=\"wpcf7-form-control-wrap\" data-name=\"your-message\"><textarea cols=\"40\" rows=\"10\" maxlength=\"2000\" class=\"wpcf7-form-control wpcf7-textarea\" aria-invalid=\"false\" placeholder=\"Mensagem\" name=\"your-message\"><\/textarea><\/span> <\/label><input class=\"wpcf7-form-control wpcf7-submit has-spinner\" type=\"submit\" value=\"Enviar\" \/><\/div><div class=\"wpcf7-response-output\" aria-hidden=\"true\"><\/div>\n<\/form>\n<\/div>\n[\/vc_column][\/vc_row][vc_row][vc_column][vc_empty_space height=&#8221;50px&#8221;][\/vc_column][\/vc_row][vc_row][vc_column]<div class=\" \">\r\n\t\r\n        <div class=\"mh-heading-wrapper\">\r\n            <h2            class=\"mh-heading  mh-heading--bottom-separator   \"\r\n            style=\"font-weight:700;\">\r\n\t\t\tFale com a gente        <\/h2>\r\n\r\n\t\t    <\/div>\r\n\r\n\t<\/div>[\/vc_column][\/vc_row][vc_row full_width=&#8221;stretch_row&#8221; css=&#8221;.vc_custom_1673291729965{background-color: #f4f4f4 !important;}&#8221;][vc_column width=&#8221;1\/2&#8243;][vc_icon icon_fontawesome=&#8221;fas fa-calendar-check&#8221; color=&#8221;custom&#8221; size=&#8221;xl&#8221; align=&#8221;center&#8221; custom_color=&#8221;#152f55&#8243;]<div id=\"ultib3-252067547869e3f08875064\" class=\" ultb3-box ult-adjust-bottom-margin  \" style=\"\"><div id=\"Info-banner-wrap8868\" class=\"ultb3-info ib3-info-center\" data-animation=\"\" data-animation-delay=\"03\"><a href=\"https:\/\/lp.floridaconnexion.com\/agende-sua-reuniao-estrategica\" title=\"AGENDE SUA REUNI\u00c3O ESTRAT\u00c9GICA\" target=\"target=\"_blank\"\"  class=\"ultb3-btn ult-responsive\"  data-ultimate-target='#Info-banner-wrap8868 .ultb3-btn'  data-responsive-json-new='{\"font-size\":\"\",\"line-height\":\"\"}'  style=\"font-weight:normal;\">AGENDE SUA REUNI\u00c3O ESTRAT\u00c9GICA<i class=\"Defaults-angle-right\"><\/i><\/a><\/div><\/div><style>\n\t\t\t\t\t#ultib3-252067547869e3f08875064 {\n\t\t\t\t\t\tmin-height:50px;\n\t\t\t\t\t}\n\t\t\t\t\t#ultib3-252067547869e3f08875064 img.ultb3-img {\n\t\t\t\t\t\theight: px;\n\t\t\t\t\t}\n\t\t\t\t\t#ultib3-252067547869e3f08875064 .ultb3-btn {\n\t\t\t\t\t\tborder:2px solid #152f55;border-radius:2px;color:#152f55;\n\t\t\t\t\t}\n\t\t\t\t\t#ultib3-252067547869e3f08875064 .ultb3-btn:hover {\n\t\t\t\t\t\tbackground:#152f55;color:#ffffff;\n\t\t\t\t\t}\n\t\t\t\t\t#ultib3-252067547869e3f08875064 .ultb3-btn:focus {\n\t\t\t\t\t\toutline: 2px solid #005fcc;\n\t\t\t\t\t\toutline-offset: 2px;\n\t\t\t\t\t}\n\t\t\t\t<\/style>[\/vc_column][vc_column width=&#8221;1\/2&#8243;][vc_icon icon_fontawesome=&#8221;fas fa-question-circle&#8221; color=&#8221;custom&#8221; size=&#8221;xl&#8221; align=&#8221;center&#8221; custom_color=&#8221;#152f55&#8243;]<div id=\"ultib3-195030405969e3f088750ef\" class=\" ultb3-box ult-adjust-bottom-margin  \" style=\"\"><div id=\"Info-banner-wrap5733\" class=\"ultb3-info ib3-info-center\" data-animation=\"\" data-animation-delay=\"03\"><a href=\"https:\/\/www.floridaconnexion.com\/pt\/faq\/\" title=\"FAQ - Florida Connexion | Portugu\u00eas\" target=\"target=\"_blank\"\"  class=\"ultb3-btn ult-responsive\"  data-ultimate-target='#Info-banner-wrap5733 .ultb3-btn'  data-responsive-json-new='{\"font-size\":\"\",\"line-height\":\"\"}'  style=\"font-weight:normal;\">FAQ<i class=\"Defaults-angle-right\"><\/i><\/a><\/div><\/div><style>\n\t\t\t\t\t#ultib3-195030405969e3f088750ef {\n\t\t\t\t\t\tmin-height:50px;\n\t\t\t\t\t}\n\t\t\t\t\t#ultib3-195030405969e3f088750ef img.ultb3-img {\n\t\t\t\t\t\theight: px;\n\t\t\t\t\t}\n\t\t\t\t\t#ultib3-195030405969e3f088750ef .ultb3-btn {\n\t\t\t\t\t\tborder:2px solid #152f55;border-radius:2px;color:#152f55;\n\t\t\t\t\t}\n\t\t\t\t\t#ultib3-195030405969e3f088750ef .ultb3-btn:hover {\n\t\t\t\t\t\tbackground:#152f55;color:#ffffff;\n\t\t\t\t\t}\n\t\t\t\t\t#ultib3-195030405969e3f088750ef .ultb3-btn:focus {\n\t\t\t\t\t\toutline: 2px solid #005fcc;\n\t\t\t\t\t\toutline-offset: 2px;\n\t\t\t\t\t}\n\t\t\t\t<\/style>[\/vc_column][\/vc_row]<\/p>\n<\/div>","protected":false},"excerpt":{"rendered":"<p>[vc_row full_width=&#8221;stretch_row&#8221;][vc_column width=&#8221;1\/2&#8243;][vc_column_text] A Florida Connexion \u00e9 uma imobili\u00e1ria do estado da Fl\u00f3rida que atende principalmente os investidores internacionais interessados em comprar propriedades ou se mudar para este estado ensolarado. A empresa tamb\u00e9m atende o mercado local de compradores. Temos uma forte presen\u00e7a na Fl\u00f3rida Central, onde est\u00e3o Orlando, Windermere, Kissimmee, Winter Garden, Davenport, Celebration, [&hellip;]<\/p>\n","protected":false},"author":1,"featured_media":0,"parent":0,"menu_order":0,"comment_status":"closed","ping_status":"closed","template":"page_full-width-with-top-title.php","meta":{"_acf_changed":false,"_monsterinsights_skip_tracking":false,"_monsterinsights_sitenote_active":false,"_monsterinsights_sitenote_note":"","_monsterinsights_sitenote_category":0,"footnotes":""},"class_list":["post-6303","page","type-page","status-publish","hentry"],"acf":[],"yoast_head":"<!-- This site is optimized with the Yoast SEO Premium plugin v27.4 (Yoast SEO v27.4) - https:\/\/yoast.com\/product\/yoast-seo-premium-wordpress\/ -->\n<title>Porque N\u00f3s? | Orlando real estate broker: Florida Connexion: Best real estate agents in Orlando<\/title>\n<meta name=\"robots\" content=\"index, follow, max-snippet:-1, max-image-preview:large, max-video-preview:-1\" \/>\n<link rel=\"canonical\" href=\"https:\/\/floridaconnexion.com\/pt\/porque-nos\/\" \/>\n<meta property=\"og:locale\" content=\"pt_PT\" \/>\n<meta property=\"og:type\" content=\"article\" \/>\n<meta property=\"og:title\" content=\"Porque N\u00f3s?\" \/>\n<meta property=\"og:description\" content=\"A Florida Connexion \u00e9 uma imobili\u00e1ria do estado da Fl\u00f3rida que atende principalmente os investidores internacionais interessados em comprar propriedades\" \/>\n<meta property=\"og:url\" content=\"https:\/\/floridaconnexion.com\/pt\/porque-nos\/\" \/>\n<meta property=\"og:site_name\" content=\"Orlando real estate broker: Florida Connexion: Best real estate agents in Orlando\" \/>\n<meta property=\"article:publisher\" content=\"https:\/\/www.facebook.com\/FloridaConnexion\/\" \/>\n<meta property=\"article:modified_time\" content=\"2025-10-02T01:54:08+00:00\" \/>\n<meta property=\"og:image\" content=\"https:\/\/floridaconnexion.com\/wp-content\/uploads\/2022\/11\/FC_new_logo.png\" \/>\n\t<meta property=\"og:image:width\" content=\"2048\" \/>\n\t<meta property=\"og:image:height\" content=\"1021\" \/>\n\t<meta property=\"og:image:type\" content=\"image\/png\" \/>\n<meta name=\"twitter:card\" content=\"summary_large_image\" \/>\n<meta name=\"twitter:label1\" content=\"Est. reading time\" \/>\n\t<meta name=\"twitter:data1\" content=\"2 minutes\" \/>\n<script type=\"application\/ld+json\" class=\"yoast-schema-graph\">{\"@context\":\"https:\\\/\\\/schema.org\",\"@graph\":[{\"@type\":\"WebPage\",\"@id\":\"https:\\\/\\\/floridaconnexion.com\\\/pt\\\/porque-nos\\\/\",\"url\":\"https:\\\/\\\/floridaconnexion.com\\\/pt\\\/porque-nos\\\/\",\"name\":\"Porque N\u00f3s? | Orlando real estate broker: Florida Connexion: Best real estate agents in Orlando\",\"isPartOf\":{\"@id\":\"https:\\\/\\\/floridaconnexion.com\\\/pt\\\/#website\"},\"datePublished\":\"2021-03-25T19:47:09+00:00\",\"dateModified\":\"2025-10-02T01:54:08+00:00\",\"breadcrumb\":{\"@id\":\"https:\\\/\\\/floridaconnexion.com\\\/pt\\\/porque-nos\\\/#breadcrumb\"},\"inLanguage\":\"pt\",\"potentialAction\":[{\"@type\":\"ReadAction\",\"target\":[\"https:\\\/\\\/floridaconnexion.com\\\/pt\\\/porque-nos\\\/\"]}]},{\"@type\":\"BreadcrumbList\",\"@id\":\"https:\\\/\\\/floridaconnexion.com\\\/pt\\\/porque-nos\\\/#breadcrumb\",\"itemListElement\":[{\"@type\":\"ListItem\",\"position\":1,\"name\":\"Casa\",\"item\":\"https:\\\/\\\/floridaconnexion.com\\\/pt\\\/\"},{\"@type\":\"ListItem\",\"position\":2,\"name\":\"Porque N\u00f3s?\"}]},{\"@type\":\"WebSite\",\"@id\":\"https:\\\/\\\/floridaconnexion.com\\\/pt\\\/#website\",\"url\":\"https:\\\/\\\/floridaconnexion.com\\\/pt\\\/\",\"name\":\"Orlando real estate broker: Florida Connexion: Best real estate agents in Orlando\",\"description\":\"Buy house in Orlando, Sell property Florida, Homes for sale in Orlando\",\"publisher\":{\"@id\":\"https:\\\/\\\/floridaconnexion.com\\\/pt\\\/#organization\"},\"alternateName\":\"Orlando property listings, Orlando real estate services, Orlando real estate market\",\"potentialAction\":[{\"@type\":\"SearchAction\",\"target\":{\"@type\":\"EntryPoint\",\"urlTemplate\":\"https:\\\/\\\/floridaconnexion.com\\\/pt\\\/?s={search_term_string}\"},\"query-input\":{\"@type\":\"PropertyValueSpecification\",\"valueRequired\":true,\"valueName\":\"search_term_string\"}}],\"inLanguage\":\"pt\"},{\"@type\":\"Organization\",\"@id\":\"https:\\\/\\\/floridaconnexion.com\\\/pt\\\/#organization\",\"name\":\"Florida Connexion Properties: Orlando real estate broker: Buy house in Orlando\",\"alternateName\":\"Buy house in Orlando, Sell property Florida, Homes for sale in Orlando\",\"url\":\"https:\\\/\\\/floridaconnexion.com\\\/pt\\\/\",\"logo\":{\"@type\":\"ImageObject\",\"inLanguage\":\"pt\",\"@id\":\"https:\\\/\\\/floridaconnexion.com\\\/pt\\\/#\\\/schema\\\/logo\\\/image\\\/\",\"url\":\"https:\\\/\\\/floridaconnexion.com\\\/wp-content\\\/uploads\\\/2022\\\/11\\\/FC_new_logo_map.png\",\"contentUrl\":\"https:\\\/\\\/floridaconnexion.com\\\/wp-content\\\/uploads\\\/2022\\\/11\\\/FC_new_logo_map.png\",\"width\":1023,\"height\":856,\"caption\":\"Florida Connexion Properties: Orlando real estate broker: Buy house in Orlando\"},\"image\":{\"@id\":\"https:\\\/\\\/floridaconnexion.com\\\/pt\\\/#\\\/schema\\\/logo\\\/image\\\/\"},\"sameAs\":[\"https:\\\/\\\/www.facebook.com\\\/FloridaConnexion\\\/\",\"https:\\\/\\\/www.instagram.com\\\/floridaconnexion\\\/\",\"https:\\\/\\\/www.linkedin.com\\\/company\\\/florida-connexion\",\"https:\\\/\\\/www.youtube.com\\\/user\\\/floridaconnexion\"],\"description\":\"Florida Connexion Properties is an investment boutique specialized in serving foreign investors in the U.S. market. With 15 years of experience, our expertise spans residential and commercial real estate, as well as business brokerage. We design personalized strategies for wealth preservation, cash flow generation, and asset dollarization. We have a strong presence in Central Florida (Orlando, Windermere, Winter Garden, etc.), South Florida (Miami, Sunny Isles, Boca Raton, etc.), and the Gulf Coast (Tampa, Sarasota). Our multicultural team provides expert guidance in multiple languages, ensuring a seamless experience for global clients. Find the ideal strategy for your goals with specialists who deeply understand the Florida market.\"}]}<\/script>\n<!-- \/ Yoast SEO Premium plugin. -->","yoast_head_json":{"title":"Porque N\u00f3s? | Orlando real estate broker: Florida Connexion: Best real estate agents in Orlando","robots":{"index":"index","follow":"follow","max-snippet":"max-snippet:-1","max-image-preview":"max-image-preview:large","max-video-preview":"max-video-preview:-1"},"canonical":"https:\/\/floridaconnexion.com\/pt\/porque-nos\/","og_locale":"pt_PT","og_type":"article","og_title":"Porque N\u00f3s?","og_description":"A Florida Connexion \u00e9 uma imobili\u00e1ria do estado da Fl\u00f3rida que atende principalmente os investidores internacionais interessados em comprar propriedades","og_url":"https:\/\/floridaconnexion.com\/pt\/porque-nos\/","og_site_name":"Orlando real estate broker: Florida Connexion: Best real estate agents in Orlando","article_publisher":"https:\/\/www.facebook.com\/FloridaConnexion\/","article_modified_time":"2025-10-02T01:54:08+00:00","og_image":[{"width":2048,"height":1021,"url":"https:\/\/floridaconnexion.com\/wp-content\/uploads\/2022\/11\/FC_new_logo.png","type":"image\/png"}],"twitter_card":"summary_large_image","twitter_misc":{"Est. reading time":"2 minutes"},"schema":{"@context":"https:\/\/schema.org","@graph":[{"@type":"WebPage","@id":"https:\/\/floridaconnexion.com\/pt\/porque-nos\/","url":"https:\/\/floridaconnexion.com\/pt\/porque-nos\/","name":"Porque N\u00f3s? | Orlando real estate broker: Florida Connexion: Best real estate agents in Orlando","isPartOf":{"@id":"https:\/\/floridaconnexion.com\/pt\/#website"},"datePublished":"2021-03-25T19:47:09+00:00","dateModified":"2025-10-02T01:54:08+00:00","breadcrumb":{"@id":"https:\/\/floridaconnexion.com\/pt\/porque-nos\/#breadcrumb"},"inLanguage":"pt","potentialAction":[{"@type":"ReadAction","target":["https:\/\/floridaconnexion.com\/pt\/porque-nos\/"]}]},{"@type":"BreadcrumbList","@id":"https:\/\/floridaconnexion.com\/pt\/porque-nos\/#breadcrumb","itemListElement":[{"@type":"ListItem","position":1,"name":"Casa","item":"https:\/\/floridaconnexion.com\/pt\/"},{"@type":"ListItem","position":2,"name":"Porque N\u00f3s?"}]},{"@type":"WebSite","@id":"https:\/\/floridaconnexion.com\/pt\/#website","url":"https:\/\/floridaconnexion.com\/pt\/","name":"Orlando real estate broker: Florida Connexion: Best real estate agents in Orlando","description":"Buy house in Orlando, Sell property Florida, Homes for sale in Orlando","publisher":{"@id":"https:\/\/floridaconnexion.com\/pt\/#organization"},"alternateName":"Orlando property listings, Orlando real estate services, Orlando real estate market","potentialAction":[{"@type":"SearchAction","target":{"@type":"EntryPoint","urlTemplate":"https:\/\/floridaconnexion.com\/pt\/?s={search_term_string}"},"query-input":{"@type":"PropertyValueSpecification","valueRequired":true,"valueName":"search_term_string"}}],"inLanguage":"pt"},{"@type":"Organization","@id":"https:\/\/floridaconnexion.com\/pt\/#organization","name":"Florida Connexion Properties: Orlando real estate broker: Buy house in Orlando","alternateName":"Buy house in Orlando, Sell property Florida, Homes for sale in Orlando","url":"https:\/\/floridaconnexion.com\/pt\/","logo":{"@type":"ImageObject","inLanguage":"pt","@id":"https:\/\/floridaconnexion.com\/pt\/#\/schema\/logo\/image\/","url":"https:\/\/floridaconnexion.com\/wp-content\/uploads\/2022\/11\/FC_new_logo_map.png","contentUrl":"https:\/\/floridaconnexion.com\/wp-content\/uploads\/2022\/11\/FC_new_logo_map.png","width":1023,"height":856,"caption":"Florida Connexion Properties: Orlando real estate broker: Buy house in Orlando"},"image":{"@id":"https:\/\/floridaconnexion.com\/pt\/#\/schema\/logo\/image\/"},"sameAs":["https:\/\/www.facebook.com\/FloridaConnexion\/","https:\/\/www.instagram.com\/floridaconnexion\/","https:\/\/www.linkedin.com\/company\/florida-connexion","https:\/\/www.youtube.com\/user\/floridaconnexion"],"description":"Florida Connexion Properties is an investment boutique specialized in serving foreign investors in the U.S. market. With 15 years of experience, our expertise spans residential and commercial real estate, as well as business brokerage. We design personalized strategies for wealth preservation, cash flow generation, and asset dollarization. We have a strong presence in Central Florida (Orlando, Windermere, Winter Garden, etc.), South Florida (Miami, Sunny Isles, Boca Raton, etc.), and the Gulf Coast (Tampa, Sarasota). Our multicultural team provides expert guidance in multiple languages, ensuring a seamless experience for global clients. Find the ideal strategy for your goals with specialists who deeply understand the Florida market."}]}},"_links":{"self":[{"href":"https:\/\/floridaconnexion.com\/pt\/wp-json\/wp\/v2\/pages\/6303","targetHints":{"allow":["GET"]}}],"collection":[{"href":"https:\/\/floridaconnexion.com\/pt\/wp-json\/wp\/v2\/pages"}],"about":[{"href":"https:\/\/floridaconnexion.com\/pt\/wp-json\/wp\/v2\/types\/page"}],"author":[{"embeddable":true,"href":"https:\/\/floridaconnexion.com\/pt\/wp-json\/wp\/v2\/users\/1"}],"replies":[{"embeddable":true,"href":"https:\/\/floridaconnexion.com\/pt\/wp-json\/wp\/v2\/comments?post=6303"}],"version-history":[{"count":16,"href":"https:\/\/floridaconnexion.com\/pt\/wp-json\/wp\/v2\/pages\/6303\/revisions"}],"predecessor-version":[{"id":18346,"href":"https:\/\/floridaconnexion.com\/pt\/wp-json\/wp\/v2\/pages\/6303\/revisions\/18346"}],"wp:attachment":[{"href":"https:\/\/floridaconnexion.com\/pt\/wp-json\/wp\/v2\/media?parent=6303"}],"curies":[{"name":"wp","href":"https:\/\/api.w.org\/{rel}","templated":true}]}}