{"id":6293,"date":"2021-02-23T18:32:00","date_gmt":"2021-02-23T18:32:00","guid":{"rendered":"http:\/\/3.17.211.28\/parceiros-internacionais\/"},"modified":"2022-07-13T22:10:14","modified_gmt":"2022-07-14T02:10:14","slug":"parceiros-internacionais","status":"publish","type":"page","link":"https:\/\/floridaconnexion.com\/pt\/parceiros-internacionais\/","title":{"rendered":"Parceiros Internacionais"},"content":{"rendered":"<div class=\"wpb-content-wrapper\"><p>[vc_row full_width=&#8221;stretch_row&#8221; css=&#8221;.vc_custom_1614105276137{padding-top: 60px !important;padding-bottom: 60px !important;background-image: url(https:\/\/www.floridaconnexion.com\/wp-content\/uploads\/2018\/06\/buildings-city-dark.jpg?id=3157) !important;background-position: center !important;background-repeat: no-repeat !important;background-size: cover !important;}&#8221;][vc_column css=&#8221;.vc_custom_1511694354640{padding-top: 24px !important;padding-bottom: 48px !important;}&#8221;]<div class=\" \">\r\n\t\r\n        <div class=\"mh-heading-wrapper\">\r\n            <h1            class=\"mh-heading mh-color-white  mh-font-size-xl  \"\r\n            style=\"font-weight:700;\">\r\n\t\t\tPARCEIROS INTERNACIONAIS        <\/h1>\r\n\r\n\t\t    <\/div>\r\n\r\n\t<\/div>[vc_column_text css=&#8221;.vc_custom_1614105314814{margin-bottom: 0px !important;}&#8221;][\/vc_column_text][\/vc_column][\/vc_row][vc_row full_width=&#8221;stretch_row_content&#8221; content_placement=&#8221;middle&#8221;][vc_column][vc_gallery type=&#8221;image_grid&#8221; images=&#8221;6294,6296,6297,6298&#8243; img_size=&#8221;medium&#8221;][\/vc_column][\/vc_row][vc_row][vc_column][vc_empty_space height=&#8221;50px&#8221;][\/vc_column][\/vc_row][vc_row][vc_column]<div class=\" \">\r\n\t\r\n        <div class=\"mh-heading-wrapper\">\r\n            <h2            class=\"mh-heading  mh-heading--bottom-separator   \"\r\n            style=\"font-weight:700;\">\r\n\t\t\tJunte-se a nossa equipe        <\/h2>\r\n\r\n\t\t    <\/div>\r\n\r\n\t<\/div>[\/vc_column][\/vc_row][vc_row full_width=&#8221;stretch_row&#8221; css=&#8221;.vc_custom_1614115350791{background-color: #f4f4f4 !important;}&#8221;][vc_column width=&#8221;1\/2&#8243;][vc_icon icon_fontawesome=&#8221;fas fa-users&#8221; color=&#8221;custom&#8221; size=&#8221;xl&#8221; align=&#8221;center&#8221; custom_color=&#8221;#152f55&#8243;]<div id=\"ultib3-357862066769cffa26dc82b\" class=\" ultb3-box ult-adjust-bottom-margin  \" style=\"\"><div id=\"Info-banner-wrap7095\" class=\"ultb3-info ib3-info-center\" data-animation=\"\" data-animation-delay=\"03\"><div class=\"ultb3-desc ult-responsive\"  data-ultimate-target='#Info-banner-wrap7095 .ultb3-desc'  data-responsive-json-new='{\"font-size\":\"\",\"line-height\":\"\"}'  style=\"font-weight:normal;\">Interessado em seguir carreira no mercado imobili\u00e1rio? Junte-se \u00e0 nossa equipe de profissionais. Seria um prazer trabalhar com voc\u00ea e t\u00ea-lo em nossa equipe!<\/div><a href=\"javascript:void(0);\"  class=\"ultb3-btn ult-responsive\"  data-ultimate-target='#Info-banner-wrap7095 .ultb3-btn'  data-responsive-json-new='{\"font-size\":\"\",\"line-height\":\"\"}'  style=\"font-weight:normal;\">Trabalhe Conosco<i class=\"Defaults-angle-right\"><\/i><\/a><\/div><\/div><style>\n\t\t\t\t\t#ultib3-357862066769cffa26dc82b {\n\t\t\t\t\t\tmin-height:50px;\n\t\t\t\t\t}\n\t\t\t\t\t#ultib3-357862066769cffa26dc82b img.ultb3-img {\n\t\t\t\t\t\theight: px;\n\t\t\t\t\t}\n\t\t\t\t\t#ultib3-357862066769cffa26dc82b .ultb3-btn {\n\t\t\t\t\t\tborder:2px solid #152f55;border-radius:2px;color:#152f55;\n\t\t\t\t\t}\n\t\t\t\t\t#ultib3-357862066769cffa26dc82b .ultb3-btn:hover {\n\t\t\t\t\t\tbackground:#152f55;color:#ffffff;\n\t\t\t\t\t}\n\t\t\t\t\t#ultib3-357862066769cffa26dc82b .ultb3-btn:focus {\n\t\t\t\t\t\toutline: 2px solid #005fcc;\n\t\t\t\t\t\toutline-offset: 2px;\n\t\t\t\t\t}\n\t\t\t\t<\/style>[\/vc_column][vc_column width=&#8221;1\/2&#8243;][vc_icon icon_fontawesome=&#8221;fas fa-handshake&#8221; color=&#8221;custom&#8221; size=&#8221;xl&#8221; align=&#8221;center&#8221; custom_color=&#8221;#152f55&#8243;]<div id=\"ultib3-361242345469cffa26dc88d\" class=\" ultb3-box ult-adjust-bottom-margin  \" style=\"\"><div id=\"Info-banner-wrap3695\" class=\"ultb3-info ib3-info-center\" data-animation=\"\" data-animation-delay=\"03\"><div class=\"ultb3-desc ult-responsive\"  data-ultimate-target='#Info-banner-wrap3695 .ultb3-desc'  data-responsive-json-new='{\"font-size\":\"\",\"line-height\":\"\"}'  style=\"font-weight:normal;\">Oferecemos aos nossos colegas de todo o mundo e de outros estados dos Estados Unidos a oportunidade de trabalhar conosco e receber refer\u00eancias pagas.<\/div><a href=\"javascript:void(0);\"  class=\"ultb3-btn ult-responsive\"  data-ultimate-target='#Info-banner-wrap3695 .ultb3-btn'  data-responsive-json-new='{\"font-size\":\"\",\"line-height\":\"\"}'  style=\"font-weight:normal;\">TORNE-SE UM PARCEIRO<i class=\"Defaults-angle-right\"><\/i><\/a><\/div><\/div><style>\n\t\t\t\t\t#ultib3-361242345469cffa26dc88d {\n\t\t\t\t\t\tmin-height:50px;\n\t\t\t\t\t}\n\t\t\t\t\t#ultib3-361242345469cffa26dc88d img.ultb3-img {\n\t\t\t\t\t\theight: px;\n\t\t\t\t\t}\n\t\t\t\t\t#ultib3-361242345469cffa26dc88d .ultb3-btn {\n\t\t\t\t\t\tborder:2px solid #152f55;border-radius:2px;color:#152f55;\n\t\t\t\t\t}\n\t\t\t\t\t#ultib3-361242345469cffa26dc88d .ultb3-btn:hover {\n\t\t\t\t\t\tbackground:#152f55;color:#ffffff;\n\t\t\t\t\t}\n\t\t\t\t\t#ultib3-361242345469cffa26dc88d .ultb3-btn:focus {\n\t\t\t\t\t\toutline: 2px solid #005fcc;\n\t\t\t\t\t\toutline-offset: 2px;\n\t\t\t\t\t}\n\t\t\t\t<\/style>[\/vc_column][\/vc_row]<\/p>\n<\/div>","protected":false},"excerpt":{"rendered":"<p>[vc_row full_width=&#8221;stretch_row&#8221; css=&#8221;.vc_custom_1614105276137{padding-top: 60px !important;padding-bottom: 60px !important;background-image: url(https:\/\/www.floridaconnexion.com\/wp-content\/uploads\/2018\/06\/buildings-city-dark.jpg?id=3157) !important;background-position: center !important;background-repeat: no-repeat !important;background-size: cover !important;}&#8221;][vc_column css=&#8221;.vc_custom_1511694354640{padding-top: 24px !important;padding-bottom: 48px !important;}&#8221;][vc_column_text css=&#8221;.vc_custom_1614105314814{margin-bottom: 0px !important;}&#8221;][\/vc_column_text][\/vc_column][\/vc_row][vc_row full_width=&#8221;stretch_row_content&#8221; content_placement=&#8221;middle&#8221;][vc_column][vc_gallery type=&#8221;image_grid&#8221; images=&#8221;6294,6296,6297,6298&#8243; img_size=&#8221;medium&#8221;][\/vc_column][\/vc_row][vc_row][vc_column][vc_empty_space height=&#8221;50px&#8221;][\/vc_column][\/vc_row][vc_row][vc_column][\/vc_column][\/vc_row][vc_row full_width=&#8221;stretch_row&#8221; css=&#8221;.vc_custom_1614115350791{background-color: #f4f4f4 !important;}&#8221;][vc_column width=&#8221;1\/2&#8243;][vc_icon icon_fontawesome=&#8221;fas fa-users&#8221; color=&#8221;custom&#8221; size=&#8221;xl&#8221; align=&#8221;center&#8221; custom_color=&#8221;#152f55&#8243;][\/vc_column][vc_column width=&#8221;1\/2&#8243;][vc_icon icon_fontawesome=&#8221;fas fa-handshake&#8221; color=&#8221;custom&#8221; size=&#8221;xl&#8221; align=&#8221;center&#8221; custom_color=&#8221;#152f55&#8243;][\/vc_column][\/vc_row]<\/p>\n","protected":false},"author":1,"featured_media":0,"parent":0,"menu_order":0,"comment_status":"closed","ping_status":"closed","template":"page_full-width.php","meta":{"_acf_changed":false,"_monsterinsights_skip_tracking":false,"_monsterinsights_sitenote_active":false,"_monsterinsights_sitenote_note":"","_monsterinsights_sitenote_category":0,"footnotes":""},"class_list":["post-6293","page","type-page","status-publish","hentry"],"acf":[],"yoast_head":"<!-- This site is optimized with the Yoast SEO Premium plugin v27.2 (Yoast SEO v27.2) - https:\/\/yoast.com\/product\/yoast-seo-premium-wordpress\/ -->\n<title>Parceiros Internacionais | Orlando real estate broker: Florida Connexion: Best real estate agents in Orlando<\/title>\n<meta name=\"robots\" content=\"index, follow, max-snippet:-1, max-image-preview:large, max-video-preview:-1\" \/>\n<link rel=\"canonical\" href=\"https:\/\/floridaconnexion.com\/pt\/parceiros-internacionais\/\" \/>\n<meta property=\"og:locale\" content=\"pt_PT\" \/>\n<meta property=\"og:type\" content=\"article\" \/>\n<meta property=\"og:title\" content=\"Parceiros Internacionais\" \/>\n<meta property=\"og:url\" content=\"https:\/\/floridaconnexion.com\/pt\/parceiros-internacionais\/\" \/>\n<meta property=\"og:site_name\" content=\"Orlando real estate broker: Florida Connexion: Best real estate agents in Orlando\" \/>\n<meta property=\"article:publisher\" content=\"https:\/\/www.facebook.com\/FloridaConnexion\/\" \/>\n<meta property=\"article:modified_time\" content=\"2022-07-14T02:10:14+00:00\" \/>\n<meta property=\"og:image\" content=\"https:\/\/floridaconnexion.com\/wp-content\/uploads\/2022\/11\/FC_new_logo.png\" \/>\n\t<meta property=\"og:image:width\" content=\"2048\" \/>\n\t<meta property=\"og:image:height\" content=\"1021\" \/>\n\t<meta property=\"og:image:type\" content=\"image\/png\" \/>\n<meta name=\"twitter:card\" content=\"summary_large_image\" \/>\n<meta name=\"twitter:label1\" content=\"Est. reading time\" \/>\n\t<meta name=\"twitter:data1\" content=\"1 minute\" \/>\n<script type=\"application\/ld+json\" class=\"yoast-schema-graph\">{\"@context\":\"https:\/\/schema.org\",\"@graph\":[{\"@type\":\"WebPage\",\"@id\":\"https:\/\/floridaconnexion.com\/pt\/parceiros-internacionais\/\",\"url\":\"https:\/\/floridaconnexion.com\/pt\/parceiros-internacionais\/\",\"name\":\"Parceiros Internacionais | Orlando real estate broker: Florida Connexion: Best real estate agents in Orlando\",\"isPartOf\":{\"@id\":\"https:\/\/floridaconnexion.com\/pt\/#website\"},\"datePublished\":\"2021-02-23T18:32:00+00:00\",\"dateModified\":\"2022-07-14T02:10:14+00:00\",\"breadcrumb\":{\"@id\":\"https:\/\/floridaconnexion.com\/pt\/parceiros-internacionais\/#breadcrumb\"},\"inLanguage\":\"pt\",\"potentialAction\":[{\"@type\":\"ReadAction\",\"target\":[\"https:\/\/floridaconnexion.com\/pt\/parceiros-internacionais\/\"]}]},{\"@type\":\"BreadcrumbList\",\"@id\":\"https:\/\/floridaconnexion.com\/pt\/parceiros-internacionais\/#breadcrumb\",\"itemListElement\":[{\"@type\":\"ListItem\",\"position\":1,\"name\":\"Casa\",\"item\":\"https:\/\/floridaconnexion.com\/pt\/\"},{\"@type\":\"ListItem\",\"position\":2,\"name\":\"Parceiros Internacionais\"}]},{\"@type\":\"WebSite\",\"@id\":\"https:\/\/floridaconnexion.com\/pt\/#website\",\"url\":\"https:\/\/floridaconnexion.com\/pt\/\",\"name\":\"Orlando real estate broker: Florida Connexion: Best real estate agents in Orlando\",\"description\":\"Buy house in Orlando, Sell property Florida, Homes for sale in Orlando\",\"publisher\":{\"@id\":\"https:\/\/floridaconnexion.com\/pt\/#organization\"},\"alternateName\":\"Orlando property listings, Orlando real estate services, Orlando real estate market\",\"potentialAction\":[{\"@type\":\"SearchAction\",\"target\":{\"@type\":\"EntryPoint\",\"urlTemplate\":\"https:\/\/floridaconnexion.com\/pt\/?s={search_term_string}\"},\"query-input\":{\"@type\":\"PropertyValueSpecification\",\"valueRequired\":true,\"valueName\":\"search_term_string\"}}],\"inLanguage\":\"pt\"},{\"@type\":\"Organization\",\"@id\":\"https:\/\/floridaconnexion.com\/pt\/#organization\",\"name\":\"Florida Connexion Properties: Orlando real estate broker: Buy house in Orlando\",\"alternateName\":\"Buy house in Orlando, Sell property Florida, Homes for sale in Orlando\",\"url\":\"https:\/\/floridaconnexion.com\/pt\/\",\"logo\":{\"@type\":\"ImageObject\",\"inLanguage\":\"pt\",\"@id\":\"https:\/\/floridaconnexion.com\/pt\/#\/schema\/logo\/image\/\",\"url\":\"https:\/\/floridaconnexion.com\/wp-content\/uploads\/2022\/11\/FC_new_logo_map.png\",\"contentUrl\":\"https:\/\/floridaconnexion.com\/wp-content\/uploads\/2022\/11\/FC_new_logo_map.png\",\"width\":1023,\"height\":856,\"caption\":\"Florida Connexion Properties: Orlando real estate broker: Buy house in Orlando\"},\"image\":{\"@id\":\"https:\/\/floridaconnexion.com\/pt\/#\/schema\/logo\/image\/\"},\"sameAs\":[\"https:\/\/www.facebook.com\/FloridaConnexion\/\",\"https:\/\/www.instagram.com\/floridaconnexion\/\",\"https:\/\/www.linkedin.com\/company\/florida-connexion\",\"https:\/\/www.youtube.com\/user\/floridaconnexion\"],\"description\":\"Florida Connexion Properties is an investment boutique specialized in serving foreign investors in the U.S. market. With 15 years of experience, our expertise spans residential and commercial real estate, as well as business brokerage. We design personalized strategies for wealth preservation, cash flow generation, and asset dollarization. We have a strong presence in Central Florida (Orlando, Windermere, Winter Garden, etc.), South Florida (Miami, Sunny Isles, Boca Raton, etc.), and the Gulf Coast (Tampa, Sarasota). Our multicultural team provides expert guidance in multiple languages, ensuring a seamless experience for global clients. Find the ideal strategy for your goals with specialists who deeply understand the Florida market.\"}]}<\/script>\n<!-- \/ Yoast SEO Premium plugin. -->","yoast_head_json":{"title":"Parceiros Internacionais | Orlando real estate broker: Florida Connexion: Best real estate agents in Orlando","robots":{"index":"index","follow":"follow","max-snippet":"max-snippet:-1","max-image-preview":"max-image-preview:large","max-video-preview":"max-video-preview:-1"},"canonical":"https:\/\/floridaconnexion.com\/pt\/parceiros-internacionais\/","og_locale":"pt_PT","og_type":"article","og_title":"Parceiros Internacionais","og_url":"https:\/\/floridaconnexion.com\/pt\/parceiros-internacionais\/","og_site_name":"Orlando real estate broker: Florida Connexion: Best real estate agents in Orlando","article_publisher":"https:\/\/www.facebook.com\/FloridaConnexion\/","article_modified_time":"2022-07-14T02:10:14+00:00","og_image":[{"width":2048,"height":1021,"url":"https:\/\/floridaconnexion.com\/wp-content\/uploads\/2022\/11\/FC_new_logo.png","type":"image\/png"}],"twitter_card":"summary_large_image","twitter_misc":{"Est. reading time":"1 minute"},"schema":{"@context":"https:\/\/schema.org","@graph":[{"@type":"WebPage","@id":"https:\/\/floridaconnexion.com\/pt\/parceiros-internacionais\/","url":"https:\/\/floridaconnexion.com\/pt\/parceiros-internacionais\/","name":"Parceiros Internacionais | Orlando real estate broker: Florida Connexion: Best real estate agents in Orlando","isPartOf":{"@id":"https:\/\/floridaconnexion.com\/pt\/#website"},"datePublished":"2021-02-23T18:32:00+00:00","dateModified":"2022-07-14T02:10:14+00:00","breadcrumb":{"@id":"https:\/\/floridaconnexion.com\/pt\/parceiros-internacionais\/#breadcrumb"},"inLanguage":"pt","potentialAction":[{"@type":"ReadAction","target":["https:\/\/floridaconnexion.com\/pt\/parceiros-internacionais\/"]}]},{"@type":"BreadcrumbList","@id":"https:\/\/floridaconnexion.com\/pt\/parceiros-internacionais\/#breadcrumb","itemListElement":[{"@type":"ListItem","position":1,"name":"Casa","item":"https:\/\/floridaconnexion.com\/pt\/"},{"@type":"ListItem","position":2,"name":"Parceiros Internacionais"}]},{"@type":"WebSite","@id":"https:\/\/floridaconnexion.com\/pt\/#website","url":"https:\/\/floridaconnexion.com\/pt\/","name":"Orlando real estate broker: Florida Connexion: Best real estate agents in Orlando","description":"Buy house in Orlando, Sell property Florida, Homes for sale in Orlando","publisher":{"@id":"https:\/\/floridaconnexion.com\/pt\/#organization"},"alternateName":"Orlando property listings, Orlando real estate services, Orlando real estate market","potentialAction":[{"@type":"SearchAction","target":{"@type":"EntryPoint","urlTemplate":"https:\/\/floridaconnexion.com\/pt\/?s={search_term_string}"},"query-input":{"@type":"PropertyValueSpecification","valueRequired":true,"valueName":"search_term_string"}}],"inLanguage":"pt"},{"@type":"Organization","@id":"https:\/\/floridaconnexion.com\/pt\/#organization","name":"Florida Connexion Properties: Orlando real estate broker: Buy house in Orlando","alternateName":"Buy house in Orlando, Sell property Florida, Homes for sale in Orlando","url":"https:\/\/floridaconnexion.com\/pt\/","logo":{"@type":"ImageObject","inLanguage":"pt","@id":"https:\/\/floridaconnexion.com\/pt\/#\/schema\/logo\/image\/","url":"https:\/\/floridaconnexion.com\/wp-content\/uploads\/2022\/11\/FC_new_logo_map.png","contentUrl":"https:\/\/floridaconnexion.com\/wp-content\/uploads\/2022\/11\/FC_new_logo_map.png","width":1023,"height":856,"caption":"Florida Connexion Properties: Orlando real estate broker: Buy house in Orlando"},"image":{"@id":"https:\/\/floridaconnexion.com\/pt\/#\/schema\/logo\/image\/"},"sameAs":["https:\/\/www.facebook.com\/FloridaConnexion\/","https:\/\/www.instagram.com\/floridaconnexion\/","https:\/\/www.linkedin.com\/company\/florida-connexion","https:\/\/www.youtube.com\/user\/floridaconnexion"],"description":"Florida Connexion Properties is an investment boutique specialized in serving foreign investors in the U.S. market. With 15 years of experience, our expertise spans residential and commercial real estate, as well as business brokerage. We design personalized strategies for wealth preservation, cash flow generation, and asset dollarization. We have a strong presence in Central Florida (Orlando, Windermere, Winter Garden, etc.), South Florida (Miami, Sunny Isles, Boca Raton, etc.), and the Gulf Coast (Tampa, Sarasota). Our multicultural team provides expert guidance in multiple languages, ensuring a seamless experience for global clients. Find the ideal strategy for your goals with specialists who deeply understand the Florida market."}]}},"_links":{"self":[{"href":"https:\/\/floridaconnexion.com\/pt\/wp-json\/wp\/v2\/pages\/6293","targetHints":{"allow":["GET"]}}],"collection":[{"href":"https:\/\/floridaconnexion.com\/pt\/wp-json\/wp\/v2\/pages"}],"about":[{"href":"https:\/\/floridaconnexion.com\/pt\/wp-json\/wp\/v2\/types\/page"}],"author":[{"embeddable":true,"href":"https:\/\/floridaconnexion.com\/pt\/wp-json\/wp\/v2\/users\/1"}],"replies":[{"embeddable":true,"href":"https:\/\/floridaconnexion.com\/pt\/wp-json\/wp\/v2\/comments?post=6293"}],"version-history":[{"count":8,"href":"https:\/\/floridaconnexion.com\/pt\/wp-json\/wp\/v2\/pages\/6293\/revisions"}],"predecessor-version":[{"id":11583,"href":"https:\/\/floridaconnexion.com\/pt\/wp-json\/wp\/v2\/pages\/6293\/revisions\/11583"}],"wp:attachment":[{"href":"https:\/\/floridaconnexion.com\/pt\/wp-json\/wp\/v2\/media?parent=6293"}],"curies":[{"name":"wp","href":"https:\/\/api.w.org\/{rel}","templated":true}]}}