{"id":6248,"date":"2017-05-05T10:50:45","date_gmt":"2017-05-05T10:50:45","guid":{"rendered":"http:\/\/3.17.211.28\/contato\/"},"modified":"2026-02-03T20:06:46","modified_gmt":"2026-02-04T01:06:46","slug":"contato","status":"publish","type":"page","link":"https:\/\/floridaconnexion.com\/pt\/contato\/","title":{"rendered":"Contato"},"content":{"rendered":"<div class=\"wpb-content-wrapper\"><p>[vc_row full_width=&#8221;stretch_row&#8221; equal_height=&#8221;yes&#8221; css=&#8221;.vc_custom_1494337711020{margin-bottom: 48px !important;}&#8221;][vc_column width=&#8221;1\/3&#8243; css=&#8221;.vc_custom_1494336662073{padding-right: 24px !important;}&#8221;]<div class=\"mh-heading-wrapper--left \">\r\n\t\r\n        <div class=\"mh-heading-wrapper\">\r\n            <h2            class=\"mh-heading  mh-heading--bottom-separator   \"\r\n            style=\"font-weight:700;\">\r\n\t\t\tFale Conosco        <\/h2>\r\n\r\n\t\t    <\/div>\r\n\r\n\t<\/div>[vc_raw_html css=&#8221;&#8221;]JTVCY29udGFjdC1mb3JtLTclMjBpZCUzRCUyMjIzNzVlYWIlMjIlMjB0aXRsZSUzRCUyMkZhbGFyJTIwY29tJTIwdW0lMjBjb3JyZXRvciUyMEJSJTIyJTVE[\/vc_raw_html][\/vc_column][vc_column width=&#8221;1\/3&#8243; css=&#8221;.vc_custom_1494336828259{padding-right: 24px !important;padding-left: 24px !important;background-color: #f4f4f4 !important;}&#8221;][vc_column_text css=&#8221;&#8221;]Nosso objetivo \u00e9 fornecer um \u00f3timo servi\u00e7o ao cliente, ent\u00e3o fique \u00e0 vontade para nos contatar a qualquer momento. Use o formul\u00e1rio de contato online abaixo e um agente da Florida Connexion entrar\u00e1 em contato com voc\u00ea em breve.<\/p>\n<p>Se precisar de uma resposta imediata, ligue para um de nossos escrit\u00f3rios:<\/p>\n<p><strong> <a href=\"https:\/\/floridaconnexion.com\/pt\/orlando-e-miami\/\">Orlando<\/a>: <\/strong> <a href=\"tel:+14075742636\">+1 407-574-2636<\/a><br \/>\n<strong> Brasil: <\/strong> <a href=\"tel:+551139588424\">+55 11 3958 8424<\/a><br \/>\n<strong> WhatsApp: <\/strong> <a href=\"https:\/\/wa.me\/13057670606\">+1 305 767 0606.<\/a><\/p>\n<p><strong> Endere\u00e7o: <\/strong> 5411 International Drive &#8211; Orlando FL 32819[\/vc_column_text][\/vc_column][vc_column width=&#8221;1\/3&#8243; css=&#8221;.vc_custom_1494336835635{padding-right: 24px !important;padding-left: 24px !important;background-color: #f4f4f4 !important;}&#8221;][vc_single_image image=&#8221;18236&#8243; img_size=&#8221;full&#8221; css=&#8221;&#8221;][vc_column_text css=&#8221;&#8221;]<strong> Segunda a sexta-feira: <\/strong> 8h30 \u00e0s 18h<br \/>\n<strong> S\u00e1bado: <\/strong> Fechado<br \/>\n<strong> Domingo: <\/strong> Fechado[\/vc_column_text][\/vc_column][\/vc_row][vc_row full_width=&#8221;stretch_row_content_no_spaces&#8221;][vc_column][vc_gmaps link=&#8221;#E-8_JTNDaWZyYW1lJTIwc3JjJTNEJTIyaHR0cHMlM0ElMkYlMkZ3d3cuZ29vZ2xlLmNvbSUyRm1hcHMlMkZlbWJlZCUzRnBiJTNEJTIxMW0xNCUyMTFtOCUyMTFtMyUyMTFkMTQwMzAuMjE4NDAyMTYyMzA3JTIxMmQtODEuNDUyNzQ5JTIxM2QyOC40NjI4NCUyMTNtMiUyMTFpMTAyNCUyMTJpNzY4JTIxNGYxMy4xJTIxM20zJTIxMW0yJTIxMXMweDAlMjUzQTB4OGZmNWFkZTgwYjcyM2QzMCUyMTJzRmxvcmlkYSUyNTIwQ29ubmV4aW9uJTI1MjBQcm9wZXJ0aWVzJTI1MjBJbmMlMjE1ZTAlMjEzbTIlMjExc2VuJTIxMnN1cyUyMTR2MTYwOTk1NzQxNjEzOCUyMTVtMiUyMTFzZW4lMjEyc3VzJTIyJTIwd2lkdGglM0QlMjI2MDAlMjIlMjBoZWlnaHQlM0QlMjI0NTAlMjIlMjBmcmFtZWJvcmRlciUzRCUyMjAlMjIlMjBzdHlsZSUzRCUyMmJvcmRlciUzQTAlM0IlMjIlMjBhbGxvd2Z1bGxzY3JlZW4lM0QlMjIlMjIlMjBhcmlhLWhpZGRlbiUzRCUyMmZhbHNlJTIyJTIwdGFiaW5kZXglM0QlMjIwJTIyJTNFJTNDJTJGaWZyYW1lJTNF&#8221; css=&#8221;.vc_custom_1609957437427{margin-top: 0px !important;margin-right: 0px !important;margin-bottom: 0px !important;margin-left: 0px !important;border-top-width: 0px !important;border-right-width: 0px !important;border-bottom-width: 0px !important;border-left-width: 0px !important;padding-top: 0px !important;padding-right: 0px !important;padding-bottom: 0px !important;padding-left: 0px !important;}&#8221;][\/vc_column][\/vc_row]<\/p>\n<\/div>","protected":false},"excerpt":{"rendered":"<p>[vc_row full_width=&#8221;stretch_row&#8221; equal_height=&#8221;yes&#8221; css=&#8221;.vc_custom_1494337711020{margin-bottom: 48px !important;}&#8221;][vc_column width=&#8221;1\/3&#8243; css=&#8221;.vc_custom_1494336662073{padding-right: 24px !important;}&#8221;][vc_raw_html css=&#8221;&#8221;]JTVCY29udGFjdC1mb3JtLTclMjBpZCUzRCUyMjIzNzVlYWIlMjIlMjB0aXRsZSUzRCUyMkZhbGFyJTIwY29tJTIwdW0lMjBjb3JyZXRvciUyMEJSJTIyJTVE[\/vc_raw_html][\/vc_column][vc_column width=&#8221;1\/3&#8243; css=&#8221;.vc_custom_1494336828259{padding-right: 24px !important;padding-left: 24px !important;background-color: #f4f4f4 !important;}&#8221;][vc_column_text css=&#8221;&#8221;]Nosso objetivo \u00e9 fornecer um \u00f3timo servi\u00e7o ao cliente, ent\u00e3o fique \u00e0 vontade para nos contatar a qualquer momento. Use o formul\u00e1rio de contato online abaixo e um agente da Florida Connexion entrar\u00e1 em contato com [&hellip;]<\/p>\n","protected":false},"author":1,"featured_media":0,"parent":0,"menu_order":0,"comment_status":"closed","ping_status":"closed","template":"page_full-width-with-top-title.php","meta":{"_acf_changed":false,"_monsterinsights_skip_tracking":false,"_monsterinsights_sitenote_active":false,"_monsterinsights_sitenote_note":"","_monsterinsights_sitenote_category":0,"footnotes":""},"class_list":["post-6248","page","type-page","status-publish","hentry"],"acf":[],"yoast_head":"<!-- This site is optimized with the Yoast SEO Premium plugin v27.2 (Yoast SEO v27.2) - https:\/\/yoast.com\/product\/yoast-seo-premium-wordpress\/ -->\n<title>Contato | Orlando real estate broker: Florida Connexion: Best real estate agents in Orlando<\/title>\n<meta name=\"robots\" content=\"index, follow, max-snippet:-1, max-image-preview:large, max-video-preview:-1\" \/>\n<link rel=\"canonical\" href=\"https:\/\/floridaconnexion.com\/pt\/contato\/\" \/>\n<meta property=\"og:locale\" content=\"pt_PT\" \/>\n<meta property=\"og:type\" content=\"article\" \/>\n<meta property=\"og:title\" content=\"Contato\" \/>\n<meta property=\"og:description\" content=\"JTVCY29udGFjdC1mb3JtLTclMjBpZCUzRCUyMjIzNzVlYWIlMjIlMjB0aXRsZSUzRCUyMkZhbGFyJTIwY29tJTIwdW0lMjBjb3JyZXRvciUyMEJSJTIyJTVENosso objetivo \u00e9 fornecer um \u00f3timo\" \/>\n<meta property=\"og:url\" content=\"https:\/\/floridaconnexion.com\/pt\/contato\/\" \/>\n<meta property=\"og:site_name\" content=\"Orlando real estate broker: Florida Connexion: Best real estate agents in Orlando\" \/>\n<meta property=\"article:publisher\" content=\"https:\/\/www.facebook.com\/FloridaConnexion\/\" \/>\n<meta property=\"article:modified_time\" content=\"2026-02-04T01:06:46+00:00\" \/>\n<meta property=\"og:image\" content=\"https:\/\/floridaconnexion.com\/wp-content\/uploads\/2022\/11\/FC_new_logo.png\" \/>\n\t<meta property=\"og:image:width\" content=\"2048\" \/>\n\t<meta property=\"og:image:height\" content=\"1021\" \/>\n\t<meta property=\"og:image:type\" content=\"image\/png\" \/>\n<meta name=\"twitter:card\" content=\"summary_large_image\" \/>\n<meta name=\"twitter:label1\" content=\"Est. reading time\" \/>\n\t<meta name=\"twitter:data1\" content=\"1 minute\" \/>\n<script type=\"application\/ld+json\" class=\"yoast-schema-graph\">{\"@context\":\"https:\/\/schema.org\",\"@graph\":[{\"@type\":\"WebPage\",\"@id\":\"https:\/\/floridaconnexion.com\/pt\/contato\/\",\"url\":\"https:\/\/floridaconnexion.com\/pt\/contato\/\",\"name\":\"Contato | Orlando real estate broker: Florida Connexion: Best real estate agents in Orlando\",\"isPartOf\":{\"@id\":\"https:\/\/floridaconnexion.com\/pt\/#website\"},\"datePublished\":\"2017-05-05T10:50:45+00:00\",\"dateModified\":\"2026-02-04T01:06:46+00:00\",\"breadcrumb\":{\"@id\":\"https:\/\/floridaconnexion.com\/pt\/contato\/#breadcrumb\"},\"inLanguage\":\"pt\",\"potentialAction\":[{\"@type\":\"ReadAction\",\"target\":[\"https:\/\/floridaconnexion.com\/pt\/contato\/\"]}]},{\"@type\":\"BreadcrumbList\",\"@id\":\"https:\/\/floridaconnexion.com\/pt\/contato\/#breadcrumb\",\"itemListElement\":[{\"@type\":\"ListItem\",\"position\":1,\"name\":\"Casa\",\"item\":\"https:\/\/floridaconnexion.com\/pt\/\"},{\"@type\":\"ListItem\",\"position\":2,\"name\":\"Contato\"}]},{\"@type\":\"WebSite\",\"@id\":\"https:\/\/floridaconnexion.com\/pt\/#website\",\"url\":\"https:\/\/floridaconnexion.com\/pt\/\",\"name\":\"Orlando real estate broker: Florida Connexion: Best real estate agents in Orlando\",\"description\":\"Buy house in Orlando, Sell property Florida, Homes for sale in Orlando\",\"publisher\":{\"@id\":\"https:\/\/floridaconnexion.com\/pt\/#organization\"},\"alternateName\":\"Orlando property listings, Orlando real estate services, Orlando real estate market\",\"potentialAction\":[{\"@type\":\"SearchAction\",\"target\":{\"@type\":\"EntryPoint\",\"urlTemplate\":\"https:\/\/floridaconnexion.com\/pt\/?s={search_term_string}\"},\"query-input\":{\"@type\":\"PropertyValueSpecification\",\"valueRequired\":true,\"valueName\":\"search_term_string\"}}],\"inLanguage\":\"pt\"},{\"@type\":\"Organization\",\"@id\":\"https:\/\/floridaconnexion.com\/pt\/#organization\",\"name\":\"Florida Connexion Properties: Orlando real estate broker: Buy house in Orlando\",\"alternateName\":\"Buy house in Orlando, Sell property Florida, Homes for sale in Orlando\",\"url\":\"https:\/\/floridaconnexion.com\/pt\/\",\"logo\":{\"@type\":\"ImageObject\",\"inLanguage\":\"pt\",\"@id\":\"https:\/\/floridaconnexion.com\/pt\/#\/schema\/logo\/image\/\",\"url\":\"https:\/\/floridaconnexion.com\/wp-content\/uploads\/2022\/11\/FC_new_logo_map.png\",\"contentUrl\":\"https:\/\/floridaconnexion.com\/wp-content\/uploads\/2022\/11\/FC_new_logo_map.png\",\"width\":1023,\"height\":856,\"caption\":\"Florida Connexion Properties: Orlando real estate broker: Buy house in Orlando\"},\"image\":{\"@id\":\"https:\/\/floridaconnexion.com\/pt\/#\/schema\/logo\/image\/\"},\"sameAs\":[\"https:\/\/www.facebook.com\/FloridaConnexion\/\",\"https:\/\/www.instagram.com\/floridaconnexion\/\",\"https:\/\/www.linkedin.com\/company\/florida-connexion\",\"https:\/\/www.youtube.com\/user\/floridaconnexion\"],\"description\":\"Florida Connexion Properties is an investment boutique specialized in serving foreign investors in the U.S. market. With 15 years of experience, our expertise spans residential and commercial real estate, as well as business brokerage. We design personalized strategies for wealth preservation, cash flow generation, and asset dollarization. We have a strong presence in Central Florida (Orlando, Windermere, Winter Garden, etc.), South Florida (Miami, Sunny Isles, Boca Raton, etc.), and the Gulf Coast (Tampa, Sarasota). Our multicultural team provides expert guidance in multiple languages, ensuring a seamless experience for global clients. Find the ideal strategy for your goals with specialists who deeply understand the Florida market.\"}]}<\/script>\n<!-- \/ Yoast SEO Premium plugin. -->","yoast_head_json":{"title":"Contato | Orlando real estate broker: Florida Connexion: Best real estate agents in Orlando","robots":{"index":"index","follow":"follow","max-snippet":"max-snippet:-1","max-image-preview":"max-image-preview:large","max-video-preview":"max-video-preview:-1"},"canonical":"https:\/\/floridaconnexion.com\/pt\/contato\/","og_locale":"pt_PT","og_type":"article","og_title":"Contato","og_description":"JTVCY29udGFjdC1mb3JtLTclMjBpZCUzRCUyMjIzNzVlYWIlMjIlMjB0aXRsZSUzRCUyMkZhbGFyJTIwY29tJTIwdW0lMjBjb3JyZXRvciUyMEJSJTIyJTVENosso objetivo \u00e9 fornecer um \u00f3timo","og_url":"https:\/\/floridaconnexion.com\/pt\/contato\/","og_site_name":"Orlando real estate broker: Florida Connexion: Best real estate agents in Orlando","article_publisher":"https:\/\/www.facebook.com\/FloridaConnexion\/","article_modified_time":"2026-02-04T01:06:46+00:00","og_image":[{"width":2048,"height":1021,"url":"https:\/\/floridaconnexion.com\/wp-content\/uploads\/2022\/11\/FC_new_logo.png","type":"image\/png"}],"twitter_card":"summary_large_image","twitter_misc":{"Est. reading time":"1 minute"},"schema":{"@context":"https:\/\/schema.org","@graph":[{"@type":"WebPage","@id":"https:\/\/floridaconnexion.com\/pt\/contato\/","url":"https:\/\/floridaconnexion.com\/pt\/contato\/","name":"Contato | Orlando real estate broker: Florida Connexion: Best real estate agents in Orlando","isPartOf":{"@id":"https:\/\/floridaconnexion.com\/pt\/#website"},"datePublished":"2017-05-05T10:50:45+00:00","dateModified":"2026-02-04T01:06:46+00:00","breadcrumb":{"@id":"https:\/\/floridaconnexion.com\/pt\/contato\/#breadcrumb"},"inLanguage":"pt","potentialAction":[{"@type":"ReadAction","target":["https:\/\/floridaconnexion.com\/pt\/contato\/"]}]},{"@type":"BreadcrumbList","@id":"https:\/\/floridaconnexion.com\/pt\/contato\/#breadcrumb","itemListElement":[{"@type":"ListItem","position":1,"name":"Casa","item":"https:\/\/floridaconnexion.com\/pt\/"},{"@type":"ListItem","position":2,"name":"Contato"}]},{"@type":"WebSite","@id":"https:\/\/floridaconnexion.com\/pt\/#website","url":"https:\/\/floridaconnexion.com\/pt\/","name":"Orlando real estate broker: Florida Connexion: Best real estate agents in Orlando","description":"Buy house in Orlando, Sell property Florida, Homes for sale in Orlando","publisher":{"@id":"https:\/\/floridaconnexion.com\/pt\/#organization"},"alternateName":"Orlando property listings, Orlando real estate services, Orlando real estate market","potentialAction":[{"@type":"SearchAction","target":{"@type":"EntryPoint","urlTemplate":"https:\/\/floridaconnexion.com\/pt\/?s={search_term_string}"},"query-input":{"@type":"PropertyValueSpecification","valueRequired":true,"valueName":"search_term_string"}}],"inLanguage":"pt"},{"@type":"Organization","@id":"https:\/\/floridaconnexion.com\/pt\/#organization","name":"Florida Connexion Properties: Orlando real estate broker: Buy house in Orlando","alternateName":"Buy house in Orlando, Sell property Florida, Homes for sale in Orlando","url":"https:\/\/floridaconnexion.com\/pt\/","logo":{"@type":"ImageObject","inLanguage":"pt","@id":"https:\/\/floridaconnexion.com\/pt\/#\/schema\/logo\/image\/","url":"https:\/\/floridaconnexion.com\/wp-content\/uploads\/2022\/11\/FC_new_logo_map.png","contentUrl":"https:\/\/floridaconnexion.com\/wp-content\/uploads\/2022\/11\/FC_new_logo_map.png","width":1023,"height":856,"caption":"Florida Connexion Properties: Orlando real estate broker: Buy house in Orlando"},"image":{"@id":"https:\/\/floridaconnexion.com\/pt\/#\/schema\/logo\/image\/"},"sameAs":["https:\/\/www.facebook.com\/FloridaConnexion\/","https:\/\/www.instagram.com\/floridaconnexion\/","https:\/\/www.linkedin.com\/company\/florida-connexion","https:\/\/www.youtube.com\/user\/floridaconnexion"],"description":"Florida Connexion Properties is an investment boutique specialized in serving foreign investors in the U.S. market. With 15 years of experience, our expertise spans residential and commercial real estate, as well as business brokerage. We design personalized strategies for wealth preservation, cash flow generation, and asset dollarization. We have a strong presence in Central Florida (Orlando, Windermere, Winter Garden, etc.), South Florida (Miami, Sunny Isles, Boca Raton, etc.), and the Gulf Coast (Tampa, Sarasota). Our multicultural team provides expert guidance in multiple languages, ensuring a seamless experience for global clients. Find the ideal strategy for your goals with specialists who deeply understand the Florida market."}]}},"_links":{"self":[{"href":"https:\/\/floridaconnexion.com\/pt\/wp-json\/wp\/v2\/pages\/6248","targetHints":{"allow":["GET"]}}],"collection":[{"href":"https:\/\/floridaconnexion.com\/pt\/wp-json\/wp\/v2\/pages"}],"about":[{"href":"https:\/\/floridaconnexion.com\/pt\/wp-json\/wp\/v2\/types\/page"}],"author":[{"embeddable":true,"href":"https:\/\/floridaconnexion.com\/pt\/wp-json\/wp\/v2\/users\/1"}],"replies":[{"embeddable":true,"href":"https:\/\/floridaconnexion.com\/pt\/wp-json\/wp\/v2\/comments?post=6248"}],"version-history":[{"count":11,"href":"https:\/\/floridaconnexion.com\/pt\/wp-json\/wp\/v2\/pages\/6248\/revisions"}],"predecessor-version":[{"id":19852,"href":"https:\/\/floridaconnexion.com\/pt\/wp-json\/wp\/v2\/pages\/6248\/revisions\/19852"}],"wp:attachment":[{"href":"https:\/\/floridaconnexion.com\/pt\/wp-json\/wp\/v2\/media?parent=6248"}],"curies":[{"name":"wp","href":"https:\/\/api.w.org\/{rel}","templated":true}]}}