{"id":12179,"date":"2022-11-28T14:55:22","date_gmt":"2022-11-28T19:55:22","guid":{"rendered":"https:\/\/floridaconnexion.com\/join-our-team\/"},"modified":"2025-10-01T22:06:28","modified_gmt":"2025-10-02T02:06:28","slug":"faca-parte-do-nosso-time","status":"publish","type":"page","link":"https:\/\/floridaconnexion.com\/pt\/faca-parte-do-nosso-time\/","title":{"rendered":"Fa\u00e7a parte do nosso time"},"content":{"rendered":"<div class=\"wpb-content-wrapper\"><p>[vc_row full_width=&#8221;stretch_row&#8221; css=&#8221;.vc_custom_1759356842381{padding-bottom: 800px !important;background-image: url(https:\/\/floridaconnexion.com\/wp-content\/uploads\/2025\/10\/foto_fc_team-Custom.jpg?id=18176) !important;background-position: center !important;background-repeat: no-repeat !important;background-size: cover !important;}&#8221;][vc_column css=&#8221;.vc_custom_1494609678662{padding-top: 39px !important;padding-bottom: 24px !important;}&#8221;][\/vc_column][\/vc_row][vc_row css=&#8221;.vc_custom_1759370587198{padding-top: 60px !important;padding-bottom: 10px !important;}&#8221;][vc_column width=&#8221;1\/2&#8243;][vc_column_text css=&#8221;&#8221;]<\/p>\n<h3>Fa\u00e7a a Diferen\u00e7a no Mercado Imobili\u00e1rio com a Florida Connexion<\/h3>\n<p data-start=\"2193\" data-end=\"2758\">A Florida Connexion \u00e9 uma empresa imobili\u00e1ria sediada na Fl\u00f3rida, especializada no atendimento a investidores internacionais que desejam comprar im\u00f3veis ou se mudar para o Sunshine State, al\u00e9m de atuar fortemente no mercado local da Fl\u00f3rida. Estamos presentes em toda a regi\u00e3o Central da Fl\u00f3rida\u2014including <a href=\"https:\/\/floridaconnexion.com\/pt\/orlando-e-miami\/\">Orlando<\/a>, Windermere, Kissimmee, Winter Garden, Davenport, Celebration, <a href=\"https:\/\/floridaconnexion.com\/pt\/clermont-florida-onde-a-beleza-da-natureza-encontra-a-vida-ideal\/\">Clermont<\/a> e Champions Gate\u2014e tamb\u00e9m no Sul da Fl\u00f3rida (<a href=\"https:\/\/floridaconnexion.com\/pt\/descubra-a-beleza-arquitetonica-da-florida-tesouros-historicos-e-encantos-culturais\/\">Miami<\/a>, Sunny Isles, Aventura, Miami Beach, Fort Lauderdale, Boca Raton), al\u00e9m de expandir para \u00e1reas como Sarasota, <a href=\"https:\/\/floridaconnexion.com\/pt\/explorando-o-mercado-imobiliario-em-tampa-oportunidades-e-tendencias\/\">Tampa<\/a> e arredores.<\/p>\n<p>[\/vc_column_text][\/vc_column][vc_column width=&#8221;1\/2&#8243;][vc_column_text css=&#8221;&#8221;]<\/p>\n<h3>O Que Nos Torna \u00danicos<\/h3>\n<p data-start=\"3165\" data-end=\"3440\">Nossos corretores e equipe s\u00e3o profissionais experientes, sens\u00edveis \u00e0s diferen\u00e7as culturais e preparados para atender em ingl\u00eas, portugu\u00eas e espanhol. Priorizamos o atendimento pessoal e pr\u00f3ximo, seja para clientes locais ou internacionais, nos Estados Unidos ou no exterior.<\/p>\n<p>[\/vc_column_text][\/vc_column][\/vc_row][vc_row css=&#8221;.vc_custom_1759370587198{padding-top: 60px !important;padding-bottom: 10px !important;}&#8221;][vc_column][vc_column_text css=&#8221;&#8221;]<\/p>\n<h3>Venha Fazer Parte do Nosso Time!<\/h3>\n<p data-start=\"3481\" data-end=\"3887\">Buscamos profissionais apaixonados por im\u00f3veis, que valorizem a excel\u00eancia no atendimento e a diversidade cultural. Aqui, voc\u00ea encontrar\u00e1 um ambiente acolhedor, infraestrutura moderna e a lideran\u00e7a inspiradora da nossa CEO, Rosana Almeida, que apoia o crescimento de cada membro da equipe. Na Florida Connexion, falamos a sua l\u00edngua e apoiamos o seu desenvolvimento, assim como fazemos com nossos clientes.<\/p>\n<p data-start=\"3889\" data-end=\"3997\">Pronto para elevar sua carreira no mercado imobili\u00e1rio?<br data-start=\"3944\" data-end=\"3947\" \/><strong data-start=\"3947\" data-end=\"3997\">Junte-se \u00e0 Florida Connexion e cres\u00e7a conosco!<\/strong><\/p>\n<p>[\/vc_column_text][\/vc_column][\/vc_row][vc_row full_width=&#8221;stretch_row&#8221; css=&#8221;.vc_custom_1614115350791{background-color: #f4f4f4 !important;}&#8221;][vc_column width=&#8221;1\/2&#8243;][vc_icon icon_fontawesome=&#8221;fas fa-users&#8221; color=&#8221;custom&#8221; size=&#8221;xl&#8221; align=&#8221;center&#8221; custom_color=&#8221;#152f55&#8243;]<div id=\"ultib3-260130704969dcc5358725f\" class=\" ultb3-box ult-adjust-bottom-margin  \" style=\"\"><div id=\"Info-banner-wrap9287\" class=\"ultb3-info ib3-info-center\" data-animation=\"\" data-animation-delay=\"03\"><div class=\"ultb3-desc ult-responsive\"  data-ultimate-target='#Info-banner-wrap9287 .ultb3-desc'  data-responsive-json-new='{\"font-size\":\"\",\"line-height\":\"\"}'  style=\"font-weight:normal;\">Interessado em uma carreira na \u00e1rea imobili\u00e1ria? Junte-se \u00e0 nossa equipe de profissionais. Seria um prazer trabalhar com voc\u00ea e ter voc\u00ea em nossa equipe!<\/div><a href=\"https:\/\/floridaconnexion.com\/pt\/contato\/\" title=\"Contato\" target=\"target=\"_blank\"\"  class=\"ultb3-btn ult-responsive\"  data-ultimate-target='#Info-banner-wrap9287 .ultb3-btn'  data-responsive-json-new='{\"font-size\":\"\",\"line-height\":\"\"}'  style=\"font-weight:normal;\">Trabalhe Conosco<i class=\"Defaults-angle-right\"><\/i><\/a><\/div><\/div><style>\n\t\t\t\t\t#ultib3-260130704969dcc5358725f {\n\t\t\t\t\t\tmin-height:50px;\n\t\t\t\t\t}\n\t\t\t\t\t#ultib3-260130704969dcc5358725f img.ultb3-img {\n\t\t\t\t\t\theight: px;\n\t\t\t\t\t}\n\t\t\t\t\t#ultib3-260130704969dcc5358725f .ultb3-btn {\n\t\t\t\t\t\tborder:2px solid #152f55;border-radius:2px;color:#152f55;\n\t\t\t\t\t}\n\t\t\t\t\t#ultib3-260130704969dcc5358725f .ultb3-btn:hover {\n\t\t\t\t\t\tbackground:#152f55;color:#ffffff;\n\t\t\t\t\t}\n\t\t\t\t\t#ultib3-260130704969dcc5358725f .ultb3-btn:focus {\n\t\t\t\t\t\toutline: 2px solid #005fcc;\n\t\t\t\t\t\toutline-offset: 2px;\n\t\t\t\t\t}\n\t\t\t\t<\/style>[\/vc_column][vc_column width=&#8221;1\/2&#8243;][vc_icon icon_fontawesome=&#8221;fas fa-handshake&#8221; color=&#8221;custom&#8221; size=&#8221;xl&#8221; align=&#8221;center&#8221; custom_color=&#8221;#152f55&#8243;]<div id=\"ultib3-145233653869dcc5358731e\" class=\" ultb3-box ult-adjust-bottom-margin  \" style=\"\"><div id=\"Info-banner-wrap3132\" class=\"ultb3-info ib3-info-center\" data-animation=\"\" data-animation-delay=\"03\"><div class=\"ultb3-desc ult-responsive\"  data-ultimate-target='#Info-banner-wrap3132 .ultb3-desc'  data-responsive-json-new='{\"font-size\":\"\",\"line-height\":\"\"}'  style=\"font-weight:normal;\">Oferecemos a nossos colegas de profiss\u00e3o do mundo inteiro e de outros estados dos EUA a oportunidade de trabalhar conosco e receber indica\u00e7\u00f5es com remunera\u00e7\u00e3o.<\/div><a href=\"https:\/\/floridaconnexion.com\/pt\/contato\/\" title=\"Contato\" target=\"target=\"_blank\"\"  class=\"ultb3-btn ult-responsive\"  data-ultimate-target='#Info-banner-wrap3132 .ultb3-btn'  data-responsive-json-new='{\"font-size\":\"\",\"line-height\":\"\"}'  style=\"font-weight:normal;\">TORNE-SE UM PARCEIRO<i class=\"Defaults-angle-right\"><\/i><\/a><\/div><\/div><style>\n\t\t\t\t\t#ultib3-145233653869dcc5358731e {\n\t\t\t\t\t\tmin-height:50px;\n\t\t\t\t\t}\n\t\t\t\t\t#ultib3-145233653869dcc5358731e img.ultb3-img {\n\t\t\t\t\t\theight: px;\n\t\t\t\t\t}\n\t\t\t\t\t#ultib3-145233653869dcc5358731e .ultb3-btn {\n\t\t\t\t\t\tborder:2px solid #152f55;border-radius:2px;color:#152f55;\n\t\t\t\t\t}\n\t\t\t\t\t#ultib3-145233653869dcc5358731e .ultb3-btn:hover {\n\t\t\t\t\t\tbackground:#152f55;color:#ffffff;\n\t\t\t\t\t}\n\t\t\t\t\t#ultib3-145233653869dcc5358731e .ultb3-btn:focus {\n\t\t\t\t\t\toutline: 2px solid #005fcc;\n\t\t\t\t\t\toutline-offset: 2px;\n\t\t\t\t\t}\n\t\t\t\t<\/style>[\/vc_column][\/vc_row]<\/p>\n<\/div>","protected":false},"excerpt":{"rendered":"<p>[vc_row full_width=&#8221;stretch_row&#8221; css=&#8221;.vc_custom_1759356842381{padding-bottom: 800px !important;background-image: url(https:\/\/floridaconnexion.com\/wp-content\/uploads\/2025\/10\/foto_fc_team-Custom.jpg?id=18176) !important;background-position: center !important;background-repeat: no-repeat !important;background-size: cover !important;}&#8221;][vc_column css=&#8221;.vc_custom_1494609678662{padding-top: 39px !important;padding-bottom: 24px !important;}&#8221;][\/vc_column][\/vc_row][vc_row css=&#8221;.vc_custom_1759370587198{padding-top: 60px !important;padding-bottom: 10px !important;}&#8221;][vc_column width=&#8221;1\/2&#8243;][vc_column_text css=&#8221;&#8221;] Fa\u00e7a a Diferen\u00e7a no Mercado Imobili\u00e1rio com a Florida Connexion A Florida Connexion \u00e9 uma empresa imobili\u00e1ria sediada na Fl\u00f3rida, especializada no atendimento a investidores internacionais que desejam comprar im\u00f3veis [&hellip;]<\/p>\n","protected":false},"author":1,"featured_media":0,"parent":0,"menu_order":0,"comment_status":"closed","ping_status":"closed","template":"page_full-width.php","meta":{"_acf_changed":false,"_monsterinsights_skip_tracking":false,"_monsterinsights_sitenote_active":false,"_monsterinsights_sitenote_note":"","_monsterinsights_sitenote_category":0,"footnotes":""},"class_list":["post-12179","page","type-page","status-publish","hentry"],"acf":[],"yoast_head":"<!-- This site is optimized with the Yoast SEO Premium plugin v27.2 (Yoast SEO v27.2) - https:\/\/yoast.com\/product\/yoast-seo-premium-wordpress\/ -->\n<title>Fa\u00e7a parte do nosso time | Orlando real estate broker: Florida Connexion: Best real estate agents in Orlando<\/title>\n<meta name=\"robots\" content=\"index, follow, max-snippet:-1, max-image-preview:large, max-video-preview:-1\" \/>\n<link rel=\"canonical\" href=\"https:\/\/floridaconnexion.com\/pt\/faca-parte-do-nosso-time\/\" \/>\n<meta property=\"og:locale\" content=\"pt_PT\" \/>\n<meta property=\"og:type\" content=\"article\" \/>\n<meta property=\"og:title\" content=\"Fa\u00e7a parte do nosso time\" \/>\n<meta property=\"og:description\" content=\"Fa\u00e7a a Diferen\u00e7a no Mercado Imobili\u00e1rio com a Florida Connexion A Florida Connexion \u00e9 uma empresa imobili\u00e1ria sediada na Fl\u00f3rida, especializada no\" \/>\n<meta property=\"og:url\" content=\"https:\/\/floridaconnexion.com\/pt\/faca-parte-do-nosso-time\/\" \/>\n<meta property=\"og:site_name\" content=\"Orlando real estate broker: Florida Connexion: Best real estate agents in Orlando\" \/>\n<meta property=\"article:publisher\" content=\"https:\/\/www.facebook.com\/FloridaConnexion\/\" \/>\n<meta property=\"article:modified_time\" content=\"2025-10-02T02:06:28+00:00\" \/>\n<meta property=\"og:image\" content=\"https:\/\/floridaconnexion.com\/wp-content\/uploads\/2022\/11\/FC_new_logo.png\" \/>\n\t<meta property=\"og:image:width\" content=\"2048\" \/>\n\t<meta property=\"og:image:height\" content=\"1021\" \/>\n\t<meta property=\"og:image:type\" content=\"image\/png\" \/>\n<meta name=\"twitter:card\" content=\"summary_large_image\" \/>\n<meta name=\"twitter:label1\" content=\"Est. reading time\" \/>\n\t<meta name=\"twitter:data1\" content=\"2 minutes\" \/>\n<script type=\"application\/ld+json\" class=\"yoast-schema-graph\">{\"@context\":\"https:\/\/schema.org\",\"@graph\":[{\"@type\":\"WebPage\",\"@id\":\"https:\/\/floridaconnexion.com\/pt\/faca-parte-do-nosso-time\/\",\"url\":\"https:\/\/floridaconnexion.com\/pt\/faca-parte-do-nosso-time\/\",\"name\":\"Fa\u00e7a parte do nosso time | Orlando real estate broker: Florida Connexion: Best real estate agents in Orlando\",\"isPartOf\":{\"@id\":\"https:\/\/floridaconnexion.com\/pt\/#website\"},\"datePublished\":\"2022-11-28T19:55:22+00:00\",\"dateModified\":\"2025-10-02T02:06:28+00:00\",\"breadcrumb\":{\"@id\":\"https:\/\/floridaconnexion.com\/pt\/faca-parte-do-nosso-time\/#breadcrumb\"},\"inLanguage\":\"pt\",\"potentialAction\":[{\"@type\":\"ReadAction\",\"target\":[\"https:\/\/floridaconnexion.com\/pt\/faca-parte-do-nosso-time\/\"]}]},{\"@type\":\"BreadcrumbList\",\"@id\":\"https:\/\/floridaconnexion.com\/pt\/faca-parte-do-nosso-time\/#breadcrumb\",\"itemListElement\":[{\"@type\":\"ListItem\",\"position\":1,\"name\":\"Casa\",\"item\":\"https:\/\/floridaconnexion.com\/pt\/\"},{\"@type\":\"ListItem\",\"position\":2,\"name\":\"Fa\u00e7a parte do nosso time\"}]},{\"@type\":\"WebSite\",\"@id\":\"https:\/\/floridaconnexion.com\/pt\/#website\",\"url\":\"https:\/\/floridaconnexion.com\/pt\/\",\"name\":\"Orlando real estate broker: Florida Connexion: Best real estate agents in Orlando\",\"description\":\"Buy house in Orlando, Sell property Florida, Homes for sale in Orlando\",\"publisher\":{\"@id\":\"https:\/\/floridaconnexion.com\/pt\/#organization\"},\"alternateName\":\"Orlando property listings, Orlando real estate services, Orlando real estate market\",\"potentialAction\":[{\"@type\":\"SearchAction\",\"target\":{\"@type\":\"EntryPoint\",\"urlTemplate\":\"https:\/\/floridaconnexion.com\/pt\/?s={search_term_string}\"},\"query-input\":{\"@type\":\"PropertyValueSpecification\",\"valueRequired\":true,\"valueName\":\"search_term_string\"}}],\"inLanguage\":\"pt\"},{\"@type\":\"Organization\",\"@id\":\"https:\/\/floridaconnexion.com\/pt\/#organization\",\"name\":\"Florida Connexion Properties: Orlando real estate broker: Buy house in Orlando\",\"alternateName\":\"Buy house in Orlando, Sell property Florida, Homes for sale in Orlando\",\"url\":\"https:\/\/floridaconnexion.com\/pt\/\",\"logo\":{\"@type\":\"ImageObject\",\"inLanguage\":\"pt\",\"@id\":\"https:\/\/floridaconnexion.com\/pt\/#\/schema\/logo\/image\/\",\"url\":\"https:\/\/floridaconnexion.com\/wp-content\/uploads\/2022\/11\/FC_new_logo_map.png\",\"contentUrl\":\"https:\/\/floridaconnexion.com\/wp-content\/uploads\/2022\/11\/FC_new_logo_map.png\",\"width\":1023,\"height\":856,\"caption\":\"Florida Connexion Properties: Orlando real estate broker: Buy house in Orlando\"},\"image\":{\"@id\":\"https:\/\/floridaconnexion.com\/pt\/#\/schema\/logo\/image\/\"},\"sameAs\":[\"https:\/\/www.facebook.com\/FloridaConnexion\/\",\"https:\/\/www.instagram.com\/floridaconnexion\/\",\"https:\/\/www.linkedin.com\/company\/florida-connexion\",\"https:\/\/www.youtube.com\/user\/floridaconnexion\"],\"description\":\"Florida Connexion Properties is an investment boutique specialized in serving foreign investors in the U.S. market. With 15 years of experience, our expertise spans residential and commercial real estate, as well as business brokerage. We design personalized strategies for wealth preservation, cash flow generation, and asset dollarization. We have a strong presence in Central Florida (Orlando, Windermere, Winter Garden, etc.), South Florida (Miami, Sunny Isles, Boca Raton, etc.), and the Gulf Coast (Tampa, Sarasota). Our multicultural team provides expert guidance in multiple languages, ensuring a seamless experience for global clients. Find the ideal strategy for your goals with specialists who deeply understand the Florida market.\"}]}<\/script>\n<!-- \/ Yoast SEO Premium plugin. -->","yoast_head_json":{"title":"Fa\u00e7a parte do nosso time | Orlando real estate broker: Florida Connexion: Best real estate agents in Orlando","robots":{"index":"index","follow":"follow","max-snippet":"max-snippet:-1","max-image-preview":"max-image-preview:large","max-video-preview":"max-video-preview:-1"},"canonical":"https:\/\/floridaconnexion.com\/pt\/faca-parte-do-nosso-time\/","og_locale":"pt_PT","og_type":"article","og_title":"Fa\u00e7a parte do nosso time","og_description":"Fa\u00e7a a Diferen\u00e7a no Mercado Imobili\u00e1rio com a Florida Connexion A Florida Connexion \u00e9 uma empresa imobili\u00e1ria sediada na Fl\u00f3rida, especializada no","og_url":"https:\/\/floridaconnexion.com\/pt\/faca-parte-do-nosso-time\/","og_site_name":"Orlando real estate broker: Florida Connexion: Best real estate agents in Orlando","article_publisher":"https:\/\/www.facebook.com\/FloridaConnexion\/","article_modified_time":"2025-10-02T02:06:28+00:00","og_image":[{"width":2048,"height":1021,"url":"https:\/\/floridaconnexion.com\/wp-content\/uploads\/2022\/11\/FC_new_logo.png","type":"image\/png"}],"twitter_card":"summary_large_image","twitter_misc":{"Est. reading time":"2 minutes"},"schema":{"@context":"https:\/\/schema.org","@graph":[{"@type":"WebPage","@id":"https:\/\/floridaconnexion.com\/pt\/faca-parte-do-nosso-time\/","url":"https:\/\/floridaconnexion.com\/pt\/faca-parte-do-nosso-time\/","name":"Fa\u00e7a parte do nosso time | Orlando real estate broker: Florida Connexion: Best real estate agents in Orlando","isPartOf":{"@id":"https:\/\/floridaconnexion.com\/pt\/#website"},"datePublished":"2022-11-28T19:55:22+00:00","dateModified":"2025-10-02T02:06:28+00:00","breadcrumb":{"@id":"https:\/\/floridaconnexion.com\/pt\/faca-parte-do-nosso-time\/#breadcrumb"},"inLanguage":"pt","potentialAction":[{"@type":"ReadAction","target":["https:\/\/floridaconnexion.com\/pt\/faca-parte-do-nosso-time\/"]}]},{"@type":"BreadcrumbList","@id":"https:\/\/floridaconnexion.com\/pt\/faca-parte-do-nosso-time\/#breadcrumb","itemListElement":[{"@type":"ListItem","position":1,"name":"Casa","item":"https:\/\/floridaconnexion.com\/pt\/"},{"@type":"ListItem","position":2,"name":"Fa\u00e7a parte do nosso time"}]},{"@type":"WebSite","@id":"https:\/\/floridaconnexion.com\/pt\/#website","url":"https:\/\/floridaconnexion.com\/pt\/","name":"Orlando real estate broker: Florida Connexion: Best real estate agents in Orlando","description":"Buy house in Orlando, Sell property Florida, Homes for sale in Orlando","publisher":{"@id":"https:\/\/floridaconnexion.com\/pt\/#organization"},"alternateName":"Orlando property listings, Orlando real estate services, Orlando real estate market","potentialAction":[{"@type":"SearchAction","target":{"@type":"EntryPoint","urlTemplate":"https:\/\/floridaconnexion.com\/pt\/?s={search_term_string}"},"query-input":{"@type":"PropertyValueSpecification","valueRequired":true,"valueName":"search_term_string"}}],"inLanguage":"pt"},{"@type":"Organization","@id":"https:\/\/floridaconnexion.com\/pt\/#organization","name":"Florida Connexion Properties: Orlando real estate broker: Buy house in Orlando","alternateName":"Buy house in Orlando, Sell property Florida, Homes for sale in Orlando","url":"https:\/\/floridaconnexion.com\/pt\/","logo":{"@type":"ImageObject","inLanguage":"pt","@id":"https:\/\/floridaconnexion.com\/pt\/#\/schema\/logo\/image\/","url":"https:\/\/floridaconnexion.com\/wp-content\/uploads\/2022\/11\/FC_new_logo_map.png","contentUrl":"https:\/\/floridaconnexion.com\/wp-content\/uploads\/2022\/11\/FC_new_logo_map.png","width":1023,"height":856,"caption":"Florida Connexion Properties: Orlando real estate broker: Buy house in Orlando"},"image":{"@id":"https:\/\/floridaconnexion.com\/pt\/#\/schema\/logo\/image\/"},"sameAs":["https:\/\/www.facebook.com\/FloridaConnexion\/","https:\/\/www.instagram.com\/floridaconnexion\/","https:\/\/www.linkedin.com\/company\/florida-connexion","https:\/\/www.youtube.com\/user\/floridaconnexion"],"description":"Florida Connexion Properties is an investment boutique specialized in serving foreign investors in the U.S. market. With 15 years of experience, our expertise spans residential and commercial real estate, as well as business brokerage. We design personalized strategies for wealth preservation, cash flow generation, and asset dollarization. We have a strong presence in Central Florida (Orlando, Windermere, Winter Garden, etc.), South Florida (Miami, Sunny Isles, Boca Raton, etc.), and the Gulf Coast (Tampa, Sarasota). Our multicultural team provides expert guidance in multiple languages, ensuring a seamless experience for global clients. Find the ideal strategy for your goals with specialists who deeply understand the Florida market."}]}},"_links":{"self":[{"href":"https:\/\/floridaconnexion.com\/pt\/wp-json\/wp\/v2\/pages\/12179","targetHints":{"allow":["GET"]}}],"collection":[{"href":"https:\/\/floridaconnexion.com\/pt\/wp-json\/wp\/v2\/pages"}],"about":[{"href":"https:\/\/floridaconnexion.com\/pt\/wp-json\/wp\/v2\/types\/page"}],"author":[{"embeddable":true,"href":"https:\/\/floridaconnexion.com\/pt\/wp-json\/wp\/v2\/users\/1"}],"replies":[{"embeddable":true,"href":"https:\/\/floridaconnexion.com\/pt\/wp-json\/wp\/v2\/comments?post=12179"}],"version-history":[{"count":11,"href":"https:\/\/floridaconnexion.com\/pt\/wp-json\/wp\/v2\/pages\/12179\/revisions"}],"predecessor-version":[{"id":18354,"href":"https:\/\/floridaconnexion.com\/pt\/wp-json\/wp\/v2\/pages\/12179\/revisions\/18354"}],"wp:attachment":[{"href":"https:\/\/floridaconnexion.com\/pt\/wp-json\/wp\/v2\/media?parent=12179"}],"curies":[{"name":"wp","href":"https:\/\/api.w.org\/{rel}","templated":true}]}}