{"id":17305,"date":"2025-05-21T17:32:52","date_gmt":"2025-05-21T21:32:52","guid":{"rendered":"https:\/\/floridaconnexion.com\/?page_id=17305"},"modified":"2025-10-01T22:15:32","modified_gmt":"2025-10-02T02:15:32","slug":"join-our-team","status":"publish","type":"page","link":"https:\/\/floridaconnexion.com\/es\/join-our-team\/","title":{"rendered":"\u00danete a nuestro equipo"},"content":{"rendered":"<div class=\"wpb-content-wrapper\"><p>[vc_row full_width=&#8221;stretch_row&#8221; css=&#8221;.vc_custom_1759356842381{padding-bottom: 800px !important;background-image: url(https:\/\/floridaconnexion.com\/wp-content\/uploads\/2025\/10\/foto_fc_team-Custom.jpg?id=18176) !important;background-position: center !important;background-repeat: no-repeat !important;background-size: cover !important;}&#8221;][vc_column css=&#8221;.vc_custom_1494609678662{padding-top: 39px !important;padding-bottom: 24px !important;}&#8221;][\/vc_column][\/vc_row][vc_row css=&#8221;.vc_custom_1759371326103{padding-top: 60px !important;padding-bottom: 10px !important;}&#8221;][vc_column width=&#8221;1\/2&#8243;][vc_column_text css=&#8221;&#8221;]<\/p>\n<h3>Marca la Diferencia en el Mercado Inmobiliario con Florida Connexion<\/h3>\n<p data-start=\"184\" data-end=\"777\">Florida Connexion es una empresa inmobiliaria con sede en Florida que se especializa en atender a inversores internacionales interesados en comprar propiedades o mudarse al Sunshine State, as\u00ed como al mercado local de la Florida. Contamos con una fuerte presencia en el centro de Florida\u2014including Orlando, Windermere, Kissimmee, Winter Garden, Davenport, Celebration, Clermont y Champions Gate\u2014adem\u00e1s del sur de Florida (Miami, Sunny Isles, Aventura, Miami Beach, Fort Lauderdale, Boca Rat\u00f3n), y tambi\u00e9n estamos expandi\u00e9ndonos a otras \u00e1reas importantes como Sarasota, Tampa y sus alrededores.<\/p>\n<p>[\/vc_column_text][\/vc_column][vc_column width=&#8221;1\/2&#8243;][vc_column_text css=&#8221;&#8221;]<\/p>\n<h3>Qu\u00e9 Nos Hace \u00danicos<\/h3>\n<p data-start=\"1200\" data-end=\"1567\">Nuestros agentes y equipo no solo son expertos en bienes ra\u00edces\u2014tambi\u00e9n son profesionales sensibles a las diferencias culturales y pueden hacer negocios en ingl\u00e9s, portugu\u00e9s y espa\u00f1ol. Nos enorgullece ofrecer una experiencia verdaderamente personalizada y cara a cara, tanto para clientes locales como internacionales, ya sea en los Estados Unidos o en el extranjero.<\/p>\n<p>[\/vc_column_text][\/vc_column][\/vc_row][vc_row][vc_column][vc_column_text css=&#8221;&#8221;]<\/p>\n<h3>\u00a1\u00danete a Nosotros!<\/h3>\n<p data-start=\"1593\" data-end=\"2035\">Invitamos a profesionales apasionados por el sector inmobiliario, comprometidos con ofrecer un servicio de primer nivel y que valoren la diversidad cultural, a unirse a nuestro equipo. Aqu\u00ed encontrar\u00e1s un ambiente de apoyo, infraestructura moderna y el liderazgo de nuestra CEO, Rosana Almeida, dedicada a tu \u00e9xito. En Florida Connexion, hablamos tu idioma y te apoyamos en cada paso de tu trayectoria\u2014igual que hacemos con nuestros clientes.<\/p>\n<p data-start=\"2037\" data-end=\"2150\">\u00bfListo para llevar tu carrera inmobiliaria al siguiente nivel?<br data-start=\"2099\" data-end=\"2102\" \/>\u00a1\u00danete a Florida Connexion y crece con nosotros!<\/p>\n<p>[\/vc_column_text][\/vc_column][\/vc_row][vc_row full_width=&#8221;stretch_row&#8221; css=&#8221;.vc_custom_1614115350791{background-color: #f4f4f4 !important;}&#8221;][vc_column width=&#8221;1\/2&#8243;][vc_icon icon_fontawesome=&#8221;fas fa-users&#8221; color=&#8221;custom&#8221; size=&#8221;xl&#8221; align=&#8221;center&#8221; custom_color=&#8221;#152f55&#8243;]<div id=\"ultib3-204038753169e1f0d75f7d3\" class=\" ultb3-box ult-adjust-bottom-margin  \" style=\"\"><div id=\"Info-banner-wrap4217\" class=\"ultb3-info ib3-info-center\" data-animation=\"\" data-animation-delay=\"03\"><div class=\"ultb3-desc ult-responsive\"  data-ultimate-target='#Info-banner-wrap4217 .ultb3-desc'  data-responsive-json-new='{\"font-size\":\"\",\"line-height\":\"\"}'  style=\"font-weight:normal;\">\u00bfTe interesa una carrera en el sector inmobiliario? \u00danete a nuestro equipo de profesionales. \u00a1Ser\u00e1 un placer trabajar contigo y tenerte en nuestro equipo!<\/div><a href=\"https:\/\/floridaconnexion.com\/contact\/\" target=\"target=\"_blank\"\"  class=\"ultb3-btn ult-responsive\"  data-ultimate-target='#Info-banner-wrap4217 .ultb3-btn'  data-responsive-json-new='{\"font-size\":\"\",\"line-height\":\"\"}'  style=\"font-weight:normal;\">Trabaja con nosotros<i class=\"Defaults-angle-right\"><\/i><\/a><\/div><\/div><style>\n\t\t\t\t\t#ultib3-204038753169e1f0d75f7d3 {\n\t\t\t\t\t\tmin-height:50px;\n\t\t\t\t\t}\n\t\t\t\t\t#ultib3-204038753169e1f0d75f7d3 img.ultb3-img {\n\t\t\t\t\t\theight: px;\n\t\t\t\t\t}\n\t\t\t\t\t#ultib3-204038753169e1f0d75f7d3 .ultb3-btn {\n\t\t\t\t\t\tborder:2px solid #152f55;border-radius:2px;color:#152f55;\n\t\t\t\t\t}\n\t\t\t\t\t#ultib3-204038753169e1f0d75f7d3 .ultb3-btn:hover {\n\t\t\t\t\t\tbackground:#152f55;color:#ffffff;\n\t\t\t\t\t}\n\t\t\t\t\t#ultib3-204038753169e1f0d75f7d3 .ultb3-btn:focus {\n\t\t\t\t\t\toutline: 2px solid #005fcc;\n\t\t\t\t\t\toutline-offset: 2px;\n\t\t\t\t\t}\n\t\t\t\t<\/style>[\/vc_column][vc_column width=&#8221;1\/2&#8243;][vc_icon icon_fontawesome=&#8221;fas fa-handshake&#8221; color=&#8221;custom&#8221; size=&#8221;xl&#8221; align=&#8221;center&#8221; custom_color=&#8221;#152f55&#8243;]<div id=\"ultib3-103512474769e1f0d75f84e\" class=\" ultb3-box ult-adjust-bottom-margin  \" style=\"\"><div id=\"Info-banner-wrap3669\" class=\"ultb3-info ib3-info-center\" data-animation=\"\" data-animation-delay=\"03\"><div class=\"ultb3-desc ult-responsive\"  data-ultimate-target='#Info-banner-wrap3669 .ultb3-desc'  data-responsive-json-new='{\"font-size\":\"\",\"line-height\":\"\"}'  style=\"font-weight:normal;\">Ofrecemos a nuestros colegas de todo el mundo y de otros estados de EE.UU. la oportunidad de trabajar con nosotros y cobrar por sus referencias.<\/div><a href=\"https:\/\/floridaconnexion.com\/contact\/\" target=\"target=\"_blank\"\"  class=\"ultb3-btn ult-responsive\"  data-ultimate-target='#Info-banner-wrap3669 .ultb3-btn'  data-responsive-json-new='{\"font-size\":\"\",\"line-height\":\"\"}'  style=\"font-weight:normal;\">HAZTE SOCIO<i class=\"Defaults-angle-right\"><\/i><\/a><\/div><\/div><style>\n\t\t\t\t\t#ultib3-103512474769e1f0d75f84e {\n\t\t\t\t\t\tmin-height:50px;\n\t\t\t\t\t}\n\t\t\t\t\t#ultib3-103512474769e1f0d75f84e img.ultb3-img {\n\t\t\t\t\t\theight: px;\n\t\t\t\t\t}\n\t\t\t\t\t#ultib3-103512474769e1f0d75f84e .ultb3-btn {\n\t\t\t\t\t\tborder:2px solid #152f55;border-radius:2px;color:#152f55;\n\t\t\t\t\t}\n\t\t\t\t\t#ultib3-103512474769e1f0d75f84e .ultb3-btn:hover {\n\t\t\t\t\t\tbackground:#152f55;color:#ffffff;\n\t\t\t\t\t}\n\t\t\t\t\t#ultib3-103512474769e1f0d75f84e .ultb3-btn:focus {\n\t\t\t\t\t\toutline: 2px solid #005fcc;\n\t\t\t\t\t\toutline-offset: 2px;\n\t\t\t\t\t}\n\t\t\t\t<\/style>[\/vc_column][\/vc_row]<\/p>\n<\/div>","protected":false},"excerpt":{"rendered":"<p>[vc_row full_width=&#8221;stretch_row&#8221; css=&#8221;.vc_custom_1759356842381{padding-bottom: 800px !important;background-image: url(https:\/\/floridaconnexion.com\/wp-content\/uploads\/2025\/10\/foto_fc_team-Custom.jpg?id=18176) !important;background-position: center !important;background-repeat: no-repeat !important;background-size: cover !important;}&#8221;][vc_column css=&#8221;.vc_custom_1494609678662{padding-top: 39px !important;padding-bottom: 24px !important;}&#8221;][\/vc_column][\/vc_row][vc_row css=&#8221;.vc_custom_1759371326103{padding-top: 60px !important;padding-bottom: 10px !important;}&#8221;][vc_column width=&#8221;1\/2&#8243;][vc_column_text css=&#8221;&#8221;] Marca la Diferencia en el Mercado Inmobiliario con Florida Connexion Florida Connexion es una empresa inmobiliaria con sede en Florida que se especializa en atender a inversores internacionales interesados en [&hellip;]<\/p>\n","protected":false},"author":1,"featured_media":0,"parent":0,"menu_order":0,"comment_status":"closed","ping_status":"closed","template":"page_full-width.php","meta":{"_acf_changed":false,"_monsterinsights_skip_tracking":false,"_monsterinsights_sitenote_active":false,"_monsterinsights_sitenote_note":"","_monsterinsights_sitenote_category":0,"footnotes":""},"class_list":["post-17305","page","type-page","status-publish","hentry"],"acf":[],"yoast_head":"<!-- This site is optimized with the Yoast SEO Premium plugin v27.4 (Yoast SEO v27.4) - https:\/\/yoast.com\/product\/yoast-seo-premium-wordpress\/ -->\n<title>\u00danete a nuestro equipo | Propiedades de Florida Connexion<\/title>\n<meta name=\"robots\" content=\"index, follow, max-snippet:-1, max-image-preview:large, max-video-preview:-1\" \/>\n<link rel=\"canonical\" href=\"https:\/\/floridaconnexion.com\/es\/join-our-team\/\" \/>\n<meta property=\"og:locale\" content=\"es_ES\" \/>\n<meta property=\"og:type\" content=\"article\" \/>\n<meta property=\"og:title\" content=\"\u00danete a nuestro equipo\" \/>\n<meta property=\"og:description\" content=\"Marca la Diferencia en el Mercado Inmobiliario con Florida Connexion Florida Connexion es una empresa inmobiliaria con sede en Florida que se especializa\" \/>\n<meta property=\"og:url\" content=\"https:\/\/floridaconnexion.com\/es\/join-our-team\/\" \/>\n<meta property=\"og:site_name\" content=\"Propiedades de Florida Connexion\" \/>\n<meta property=\"article:publisher\" content=\"https:\/\/www.facebook.com\/FloridaConnexion\/\" \/>\n<meta property=\"article:modified_time\" content=\"2025-10-02T02:15:32+00:00\" \/>\n<meta property=\"og:image\" content=\"https:\/\/floridaconnexion.com\/wp-content\/uploads\/2022\/11\/FC_new_logo.png\" \/>\n\t<meta property=\"og:image:width\" content=\"2048\" \/>\n\t<meta property=\"og:image:height\" content=\"1021\" \/>\n\t<meta property=\"og:image:type\" content=\"image\/png\" \/>\n<meta name=\"twitter:card\" content=\"summary_large_image\" \/>\n<meta name=\"twitter:label1\" content=\"Tiempo de lectura\" \/>\n\t<meta name=\"twitter:data1\" content=\"2 minutos\" \/>\n<script type=\"application\/ld+json\" class=\"yoast-schema-graph\">{\"@context\":\"https:\\\/\\\/schema.org\",\"@graph\":[{\"@type\":\"WebPage\",\"@id\":\"https:\\\/\\\/floridaconnexion.com\\\/es\\\/join-our-team\\\/\",\"url\":\"https:\\\/\\\/floridaconnexion.com\\\/es\\\/join-our-team\\\/\",\"name\":\"\u00danete a nuestro equipo | Propiedades de Florida Connexion\",\"isPartOf\":{\"@id\":\"https:\\\/\\\/floridaconnexion.com\\\/es\\\/#website\"},\"datePublished\":\"2025-05-21T21:32:52+00:00\",\"dateModified\":\"2025-10-02T02:15:32+00:00\",\"breadcrumb\":{\"@id\":\"https:\\\/\\\/floridaconnexion.com\\\/es\\\/join-our-team\\\/#breadcrumb\"},\"inLanguage\":\"es\",\"potentialAction\":[{\"@type\":\"ReadAction\",\"target\":[\"https:\\\/\\\/floridaconnexion.com\\\/es\\\/join-our-team\\\/\"]}]},{\"@type\":\"BreadcrumbList\",\"@id\":\"https:\\\/\\\/floridaconnexion.com\\\/es\\\/join-our-team\\\/#breadcrumb\",\"itemListElement\":[{\"@type\":\"ListItem\",\"position\":1,\"name\":\"Casa\",\"item\":\"https:\\\/\\\/floridaconnexion.com\\\/es\\\/\"},{\"@type\":\"ListItem\",\"position\":2,\"name\":\"\u00danete a nuestro equipo\"}]},{\"@type\":\"WebSite\",\"@id\":\"https:\\\/\\\/floridaconnexion.com\\\/es\\\/#website\",\"url\":\"https:\\\/\\\/floridaconnexion.com\\\/es\\\/\",\"name\":\"Orlando real estate broker: Florida Connexion: Best real estate agents in Orlando\",\"description\":\"Oportunidades comerciales Florida\",\"publisher\":{\"@id\":\"https:\\\/\\\/floridaconnexion.com\\\/es\\\/#organization\"},\"alternateName\":\"Orlando property listings, Orlando real estate services, Orlando real estate market\",\"potentialAction\":[{\"@type\":\"SearchAction\",\"target\":{\"@type\":\"EntryPoint\",\"urlTemplate\":\"https:\\\/\\\/floridaconnexion.com\\\/es\\\/?s={search_term_string}\"},\"query-input\":{\"@type\":\"PropertyValueSpecification\",\"valueRequired\":true,\"valueName\":\"search_term_string\"}}],\"inLanguage\":\"es\"},{\"@type\":\"Organization\",\"@id\":\"https:\\\/\\\/floridaconnexion.com\\\/es\\\/#organization\",\"name\":\"Florida Connexion Properties: Orlando real estate broker: Buy house in Orlando\",\"alternateName\":\"Buy house in Orlando, Sell property Florida, Homes for sale in Orlando\",\"url\":\"https:\\\/\\\/floridaconnexion.com\\\/es\\\/\",\"logo\":{\"@type\":\"ImageObject\",\"inLanguage\":\"es\",\"@id\":\"https:\\\/\\\/floridaconnexion.com\\\/es\\\/#\\\/schema\\\/logo\\\/image\\\/\",\"url\":\"https:\\\/\\\/floridaconnexion.com\\\/wp-content\\\/uploads\\\/2022\\\/11\\\/FC_new_logo_map.png\",\"contentUrl\":\"https:\\\/\\\/floridaconnexion.com\\\/wp-content\\\/uploads\\\/2022\\\/11\\\/FC_new_logo_map.png\",\"width\":1023,\"height\":856,\"caption\":\"Florida Connexion Properties: Orlando real estate broker: Buy house in Orlando\"},\"image\":{\"@id\":\"https:\\\/\\\/floridaconnexion.com\\\/es\\\/#\\\/schema\\\/logo\\\/image\\\/\"},\"sameAs\":[\"https:\\\/\\\/www.facebook.com\\\/FloridaConnexion\\\/\",\"https:\\\/\\\/www.instagram.com\\\/floridaconnexion\\\/\",\"https:\\\/\\\/www.linkedin.com\\\/company\\\/florida-connexion\",\"https:\\\/\\\/www.youtube.com\\\/user\\\/floridaconnexion\"],\"description\":\"Florida Connexion Properties is an investment boutique specialized in serving foreign investors in the U.S. market. With 15 years of experience, our expertise spans residential and commercial real estate, as well as business brokerage. We design personalized strategies for wealth preservation, cash flow generation, and asset dollarization. We have a strong presence in Central Florida (Orlando, Windermere, Winter Garden, etc.), South Florida (Miami, Sunny Isles, Boca Raton, etc.), and the Gulf Coast (Tampa, Sarasota). Our multicultural team provides expert guidance in multiple languages, ensuring a seamless experience for global clients. Find the ideal strategy for your goals with specialists who deeply understand the Florida market.\"}]}<\/script>\n<!-- \/ Yoast SEO Premium plugin. -->","yoast_head_json":{"title":"\u00danete a nuestro equipo | Propiedades de Florida Connexion","robots":{"index":"index","follow":"follow","max-snippet":"max-snippet:-1","max-image-preview":"max-image-preview:large","max-video-preview":"max-video-preview:-1"},"canonical":"https:\/\/floridaconnexion.com\/es\/join-our-team\/","og_locale":"es_ES","og_type":"article","og_title":"\u00danete a nuestro equipo","og_description":"Marca la Diferencia en el Mercado Inmobiliario con Florida Connexion Florida Connexion es una empresa inmobiliaria con sede en Florida que se especializa","og_url":"https:\/\/floridaconnexion.com\/es\/join-our-team\/","og_site_name":"Propiedades de Florida Connexion","article_publisher":"https:\/\/www.facebook.com\/FloridaConnexion\/","article_modified_time":"2025-10-02T02:15:32+00:00","og_image":[{"width":2048,"height":1021,"url":"https:\/\/floridaconnexion.com\/wp-content\/uploads\/2022\/11\/FC_new_logo.png","type":"image\/png"}],"twitter_card":"summary_large_image","twitter_misc":{"Tiempo de lectura":"2 minutos"},"schema":{"@context":"https:\/\/schema.org","@graph":[{"@type":"WebPage","@id":"https:\/\/floridaconnexion.com\/es\/join-our-team\/","url":"https:\/\/floridaconnexion.com\/es\/join-our-team\/","name":"\u00danete a nuestro equipo | Propiedades de Florida Connexion","isPartOf":{"@id":"https:\/\/floridaconnexion.com\/es\/#website"},"datePublished":"2025-05-21T21:32:52+00:00","dateModified":"2025-10-02T02:15:32+00:00","breadcrumb":{"@id":"https:\/\/floridaconnexion.com\/es\/join-our-team\/#breadcrumb"},"inLanguage":"es","potentialAction":[{"@type":"ReadAction","target":["https:\/\/floridaconnexion.com\/es\/join-our-team\/"]}]},{"@type":"BreadcrumbList","@id":"https:\/\/floridaconnexion.com\/es\/join-our-team\/#breadcrumb","itemListElement":[{"@type":"ListItem","position":1,"name":"Casa","item":"https:\/\/floridaconnexion.com\/es\/"},{"@type":"ListItem","position":2,"name":"\u00danete a nuestro equipo"}]},{"@type":"WebSite","@id":"https:\/\/floridaconnexion.com\/es\/#website","url":"https:\/\/floridaconnexion.com\/es\/","name":"Orlando real estate broker: Florida Connexion: Best real estate agents in Orlando","description":"Oportunidades comerciales Florida","publisher":{"@id":"https:\/\/floridaconnexion.com\/es\/#organization"},"alternateName":"Orlando property listings, Orlando real estate services, Orlando real estate market","potentialAction":[{"@type":"SearchAction","target":{"@type":"EntryPoint","urlTemplate":"https:\/\/floridaconnexion.com\/es\/?s={search_term_string}"},"query-input":{"@type":"PropertyValueSpecification","valueRequired":true,"valueName":"search_term_string"}}],"inLanguage":"es"},{"@type":"Organization","@id":"https:\/\/floridaconnexion.com\/es\/#organization","name":"Florida Connexion Properties: Orlando real estate broker: Buy house in Orlando","alternateName":"Buy house in Orlando, Sell property Florida, Homes for sale in Orlando","url":"https:\/\/floridaconnexion.com\/es\/","logo":{"@type":"ImageObject","inLanguage":"es","@id":"https:\/\/floridaconnexion.com\/es\/#\/schema\/logo\/image\/","url":"https:\/\/floridaconnexion.com\/wp-content\/uploads\/2022\/11\/FC_new_logo_map.png","contentUrl":"https:\/\/floridaconnexion.com\/wp-content\/uploads\/2022\/11\/FC_new_logo_map.png","width":1023,"height":856,"caption":"Florida Connexion Properties: Orlando real estate broker: Buy house in Orlando"},"image":{"@id":"https:\/\/floridaconnexion.com\/es\/#\/schema\/logo\/image\/"},"sameAs":["https:\/\/www.facebook.com\/FloridaConnexion\/","https:\/\/www.instagram.com\/floridaconnexion\/","https:\/\/www.linkedin.com\/company\/florida-connexion","https:\/\/www.youtube.com\/user\/floridaconnexion"],"description":"Florida Connexion Properties is an investment boutique specialized in serving foreign investors in the U.S. market. With 15 years of experience, our expertise spans residential and commercial real estate, as well as business brokerage. We design personalized strategies for wealth preservation, cash flow generation, and asset dollarization. We have a strong presence in Central Florida (Orlando, Windermere, Winter Garden, etc.), South Florida (Miami, Sunny Isles, Boca Raton, etc.), and the Gulf Coast (Tampa, Sarasota). Our multicultural team provides expert guidance in multiple languages, ensuring a seamless experience for global clients. Find the ideal strategy for your goals with specialists who deeply understand the Florida market."}]}},"_links":{"self":[{"href":"https:\/\/floridaconnexion.com\/es\/wp-json\/wp\/v2\/pages\/17305","targetHints":{"allow":["GET"]}}],"collection":[{"href":"https:\/\/floridaconnexion.com\/es\/wp-json\/wp\/v2\/pages"}],"about":[{"href":"https:\/\/floridaconnexion.com\/es\/wp-json\/wp\/v2\/types\/page"}],"author":[{"embeddable":true,"href":"https:\/\/floridaconnexion.com\/es\/wp-json\/wp\/v2\/users\/1"}],"replies":[{"embeddable":true,"href":"https:\/\/floridaconnexion.com\/es\/wp-json\/wp\/v2\/comments?post=17305"}],"version-history":[{"count":11,"href":"https:\/\/floridaconnexion.com\/es\/wp-json\/wp\/v2\/pages\/17305\/revisions"}],"predecessor-version":[{"id":18360,"href":"https:\/\/floridaconnexion.com\/es\/wp-json\/wp\/v2\/pages\/17305\/revisions\/18360"}],"wp:attachment":[{"href":"https:\/\/floridaconnexion.com\/es\/wp-json\/wp\/v2\/media?parent=17305"}],"curies":[{"name":"wp","href":"https:\/\/api.w.org\/{rel}","templated":true}]}}