{"id":17302,"date":"2025-05-21T17:31:35","date_gmt":"2025-05-21T21:31:35","guid":{"rendered":"https:\/\/floridaconnexion.com\/?page_id=17302"},"modified":"2025-10-01T21:25:00","modified_gmt":"2025-10-02T01:25:00","slug":"why-us","status":"publish","type":"page","link":"https:\/\/floridaconnexion.com\/es\/why-us\/","title":{"rendered":"\u00bfPor qu\u00e9 nosotros?"},"content":{"rendered":"<div class=\"wpb-content-wrapper\"><p>[vc_row full_width=&#8221;stretch_row&#8221;][vc_column width=&#8221;1\/2&#8243;]<div class=\" \">\r\n\t\r\n        <div class=\"mh-heading-wrapper\">\r\n            <h2            class=\"mh-heading  mh-heading--bottom-separator   \"\r\n            style=\"font-weight:700;\">\r\n\t\t\tWhy Florida Connexion?        <\/h2>\r\n\r\n\t\t    <\/div>\r\n\r\n\t<\/div>[vc_column_text]Florida Connexion es una empresa inmobiliaria con sede en Florida que atiende principalmente a inversores internacionales que desean comprar propiedades o trasladarse al Estado del Sol. La empresa tambi\u00e9n sirve al mercado local del estado de Florida.<\/p>\n<p>Tenemos una fuerte presencia en Florida Central y el sur de Florida, y recientemente nos hemos expandido a otras zonas urbanas importantes del estado, como Sarasota, Tampa y alrededores.<\/p>\n<p>Nuestra misi\u00f3n es ofrecer a nuestros clientes un servicio excepcional y una representaci\u00f3n personalizada de clase internacional para todas sus necesidades inmobiliarias.<\/p>\n<p>El enfoque del servicio de Florida Connexion es similar al de una boutique, centrado en la singularidad de cada operaci\u00f3n, a diferencia del enfoque de las franquicias y las grandes empresas. Sus agentes y personal son culturalmente sensibles y de clase internacional, con capacidad para hablar y hacer negocios en ingl\u00e9s, portugu\u00e9s y espa\u00f1ol.<\/p>\n<p>La empresa cree en ofrecer un enfoque personalizado y cara a cara con los clientes locales e internacionales de fuera de Estados Unidos.[\/vc_column_text][\/vc_column][vc_column width=&#8221;1\/2&#8243;]<div class=\" \">\r\n\t\r\n        <div class=\"mh-heading-wrapper\">\r\n            <h2            class=\"mh-heading  mh-heading--bottom-separator   \"\r\n            style=\"font-weight:700;\">\r\n\t\t\tContact us right now!        <\/h2>\r\n\r\n\t\t    <\/div>\r\n\r\n\t<\/div>\n<div class=\"wpcf7 no-js\" id=\"wpcf7-f1676-o1\" lang=\"en-US\" dir=\"ltr\" data-wpcf7-id=\"1676\">\n<div class=\"screen-reader-response\"><p role=\"status\" aria-live=\"polite\" aria-atomic=\"true\"><\/p> <ul><\/ul><\/div>\n<form action=\"\/es\/wp-json\/wp\/v2\/pages\/17302#wpcf7-f1676-o1\" method=\"post\" class=\"wpcf7-form init\" aria-label=\"Contact form\" novalidate=\"novalidate\" data-status=\"init\">\n<fieldset class=\"hidden-fields-container\"><input type=\"hidden\" name=\"_wpcf7\" value=\"1676\" \/><input type=\"hidden\" name=\"_wpcf7_version\" value=\"6.1.5\" \/><input type=\"hidden\" name=\"_wpcf7_locale\" value=\"en_US\" \/><input type=\"hidden\" name=\"_wpcf7_unit_tag\" value=\"wpcf7-f1676-o1\" \/><input type=\"hidden\" name=\"_wpcf7_container_post\" value=\"0\" \/><input type=\"hidden\" name=\"_wpcf7_posted_data_hash\" value=\"\" \/><input type=\"hidden\" name=\"_wpcf7cf_hidden_group_fields\" value=\"[]\" \/><input type=\"hidden\" name=\"_wpcf7cf_hidden_groups\" value=\"[]\" \/><input type=\"hidden\" name=\"_wpcf7cf_visible_groups\" value=\"[]\" \/><input type=\"hidden\" name=\"_wpcf7cf_repeaters\" value=\"[]\" \/><input type=\"hidden\" name=\"_wpcf7cf_steps\" value=\"{}\" \/><input type=\"hidden\" name=\"_wpcf7cf_options\" value=\"{&quot;form_id&quot;:1676,&quot;conditions&quot;:[],&quot;settings&quot;:{&quot;animation&quot;:&quot;yes&quot;,&quot;animation_intime&quot;:200,&quot;animation_outtime&quot;:200,&quot;conditions_ui&quot;:&quot;normal&quot;,&quot;notice_dismissed&quot;:false}}\" \/><input type=\"hidden\" name=\"_uacf7_hidden_conditional_fields\" value=\"\" \/><input type=\"hidden\" name=\"_wpcf7_recaptcha_response\" value=\"\" \/>\n<\/fieldset>\n<div class=\"uacf7-form-wrapper-container uacf7-form-1676  \"><label><span class=\"wpcf7-form-control-wrap\" data-name=\"your-name\"><input size=\"40\" maxlength=\"400\" class=\"wpcf7-form-control wpcf7-text wpcf7-validates-as-required\" aria-required=\"true\" aria-invalid=\"false\" placeholder=\"Your name*\" value=\"\" type=\"text\" name=\"your-name\" \/><\/span><\/label>\n<label><span class=\"wpcf7-form-control-wrap\" data-name=\"your-email\"><input size=\"40\" maxlength=\"400\" class=\"wpcf7-form-control wpcf7-email wpcf7-validates-as-required wpcf7-text wpcf7-validates-as-email\" aria-required=\"true\" aria-invalid=\"false\" placeholder=\"Your email*\" value=\"\" type=\"email\" name=\"your-email\" \/><\/span><\/label>\n<label><span class=\"wpcf7-form-control-wrap\" data-name=\"your-phone\"><input size=\"40\" maxlength=\"400\" class=\"wpcf7-form-control wpcf7-tel wpcf7-validates-as-required wpcf7-text wpcf7-validates-as-tel\" aria-required=\"true\" aria-invalid=\"false\" placeholder=\"Phone*\" value=\"\" type=\"tel\" name=\"your-phone\" \/><\/span><\/label>\n<label><span class=\"wpcf7-form-control-wrap\" data-name=\"your-subject\"><input size=\"40\" maxlength=\"400\" class=\"wpcf7-form-control wpcf7-text\" aria-invalid=\"false\" placeholder=\"Subject\" value=\"\" type=\"text\" name=\"your-subject\" \/><\/span> <\/label>\n<label><span class=\"wpcf7-form-control-wrap\" data-name=\"your-message\"><textarea cols=\"40\" rows=\"10\" maxlength=\"2000\" class=\"wpcf7-form-control wpcf7-textarea\" aria-invalid=\"false\" placeholder=\"Your message\" name=\"your-message\"><\/textarea><\/span> <\/label><input class=\"wpcf7-form-control wpcf7-submit has-spinner\" type=\"submit\" value=\"Send\" \/><\/div><div class=\"wpcf7-response-output\" aria-hidden=\"true\"><\/div>\n<\/form>\n<\/div>\n[\/vc_column][\/vc_row][vc_row][vc_column][vc_empty_space height=&#8221;50px&#8221;][\/vc_column][\/vc_row][vc_row][vc_column]<div class=\" \">\r\n\t\r\n        <div class=\"mh-heading-wrapper\">\r\n            <h2            class=\"mh-heading  mh-heading--bottom-separator   \"\r\n            style=\"font-weight:700;\">\r\n\t\t\tHable con nosotros        <\/h2>\r\n\r\n\t\t    <\/div>\r\n\r\n\t<\/div>[\/vc_column][\/vc_row][vc_row full_width=&#8221;stretch_row&#8221; css=&#8221;.vc_custom_1614115350791{background-color: #f4f4f4 !important;}&#8221;][vc_column width=&#8221;1\/2&#8243;][vc_icon icon_fontawesome=&#8221;fas fa-calendar-check&#8221; color=&#8221;custom&#8221; size=&#8221;xl&#8221; align=&#8221;center&#8221; custom_color=&#8221;#152f55&#8243;]<div id=\"ultib3-13467226669dbc9b520df2\" class=\" ultb3-box ult-adjust-bottom-margin  \" style=\"\"><div id=\"Info-banner-wrap2043\" class=\"ultb3-info ib3-info-center\" data-animation=\"\" data-animation-delay=\"03\"><a href=\"https:\/\/lp.floridaconnexion.com\/book-your-strategy-call\" title=\"Book your strategy call\" target=\"target=\"_blank\"\"  class=\"ultb3-btn ult-responsive\"  data-ultimate-target='#Info-banner-wrap2043 .ultb3-btn'  data-responsive-json-new='{\"font-size\":\"\",\"line-height\":\"\"}'  style=\"font-weight:normal;\">RESERVA TU LLAMADA ESTRAT\u00c9GICA<i class=\"Defaults-angle-right\"><\/i><\/a><\/div><\/div><style>\n\t\t\t\t\t#ultib3-13467226669dbc9b520df2 {\n\t\t\t\t\t\tmin-height:50px;\n\t\t\t\t\t}\n\t\t\t\t\t#ultib3-13467226669dbc9b520df2 img.ultb3-img {\n\t\t\t\t\t\theight: px;\n\t\t\t\t\t}\n\t\t\t\t\t#ultib3-13467226669dbc9b520df2 .ultb3-btn {\n\t\t\t\t\t\tborder:2px solid #152f55;border-radius:2px;color:#152f55;\n\t\t\t\t\t}\n\t\t\t\t\t#ultib3-13467226669dbc9b520df2 .ultb3-btn:hover {\n\t\t\t\t\t\tbackground:#152f55;color:#ffffff;\n\t\t\t\t\t}\n\t\t\t\t\t#ultib3-13467226669dbc9b520df2 .ultb3-btn:focus {\n\t\t\t\t\t\toutline: 2px solid #005fcc;\n\t\t\t\t\t\toutline-offset: 2px;\n\t\t\t\t\t}\n\t\t\t\t<\/style>[\/vc_column][vc_column width=&#8221;1\/2&#8243;][vc_icon icon_fontawesome=&#8221;fas fa-question-circle&#8221; color=&#8221;custom&#8221; size=&#8221;xl&#8221; align=&#8221;center&#8221; custom_color=&#8221;#152f55&#8243;]<div id=\"ultib3-201864335669dbc9b520e51\" class=\" ultb3-box ult-adjust-bottom-margin  \" style=\"\"><div id=\"Info-banner-wrap9073\" class=\"ultb3-info ib3-info-center\" data-animation=\"\" data-animation-delay=\"03\"><a href=\"https:\/\/www.floridaconnexion.com\/faq\/\" title=\"FAQ\" target=\"target=\"_blank\"\"  class=\"ultb3-btn ult-responsive\"  data-ultimate-target='#Info-banner-wrap9073 .ultb3-btn'  data-responsive-json-new='{\"font-size\":\"\",\"line-height\":\"\"}'  style=\"font-weight:normal;\">PREGUNTAS FRECUENTES<i class=\"Defaults-angle-right\"><\/i><\/a><\/div><\/div><style>\n\t\t\t\t\t#ultib3-201864335669dbc9b520e51 {\n\t\t\t\t\t\tmin-height:50px;\n\t\t\t\t\t}\n\t\t\t\t\t#ultib3-201864335669dbc9b520e51 img.ultb3-img {\n\t\t\t\t\t\theight: px;\n\t\t\t\t\t}\n\t\t\t\t\t#ultib3-201864335669dbc9b520e51 .ultb3-btn {\n\t\t\t\t\t\tborder:2px solid #152f55;border-radius:2px;color:#152f55;\n\t\t\t\t\t}\n\t\t\t\t\t#ultib3-201864335669dbc9b520e51 .ultb3-btn:hover {\n\t\t\t\t\t\tbackground:#152f55;color:#ffffff;\n\t\t\t\t\t}\n\t\t\t\t\t#ultib3-201864335669dbc9b520e51 .ultb3-btn:focus {\n\t\t\t\t\t\toutline: 2px solid #005fcc;\n\t\t\t\t\t\toutline-offset: 2px;\n\t\t\t\t\t}\n\t\t\t\t<\/style>[\/vc_column][\/vc_row]<\/p>\n<\/div>","protected":false},"excerpt":{"rendered":"<p>[vc_row full_width=&#8221;stretch_row&#8221;][vc_column width=&#8221;1\/2&#8243;][vc_column_text]Florida Connexion es una empresa inmobiliaria con sede en Florida que atiende principalmente a inversores internacionales que desean comprar propiedades o trasladarse al Estado del Sol. La empresa tambi\u00e9n sirve al mercado local del estado de Florida. Tenemos una fuerte presencia en Florida Central y el sur de Florida, y recientemente nos hemos [&hellip;]<\/p>\n","protected":false},"author":1,"featured_media":0,"parent":0,"menu_order":0,"comment_status":"closed","ping_status":"closed","template":"page_full-width-with-top-title.php","meta":{"_acf_changed":false,"_monsterinsights_skip_tracking":false,"_monsterinsights_sitenote_active":false,"_monsterinsights_sitenote_note":"","_monsterinsights_sitenote_category":0,"footnotes":""},"class_list":["post-17302","page","type-page","status-publish","hentry"],"acf":[],"yoast_head":"<!-- This site is optimized with the Yoast SEO Premium plugin v27.2 (Yoast SEO v27.2) - https:\/\/yoast.com\/product\/yoast-seo-premium-wordpress\/ -->\n<title>\u00bfPor qu\u00e9 nosotros? | Propiedades de Florida Connexion<\/title>\n<meta name=\"robots\" content=\"index, follow, max-snippet:-1, max-image-preview:large, max-video-preview:-1\" \/>\n<link rel=\"canonical\" href=\"https:\/\/floridaconnexion.com\/es\/why-us\/\" \/>\n<meta property=\"og:locale\" content=\"es_ES\" \/>\n<meta property=\"og:type\" content=\"article\" \/>\n<meta property=\"og:title\" content=\"\u00bfPor qu\u00e9 nosotros?\" \/>\n<meta property=\"og:description\" content=\"Florida Connexion es una empresa inmobiliaria con sede en Florida que atiende principalmente a inversores internacionales que desean comprar propiedades o\" \/>\n<meta property=\"og:url\" content=\"https:\/\/floridaconnexion.com\/es\/why-us\/\" \/>\n<meta property=\"og:site_name\" content=\"Propiedades de Florida Connexion\" \/>\n<meta property=\"article:publisher\" content=\"https:\/\/www.facebook.com\/FloridaConnexion\/\" \/>\n<meta property=\"article:modified_time\" content=\"2025-10-02T01:25:00+00:00\" \/>\n<meta property=\"og:image\" content=\"https:\/\/floridaconnexion.com\/wp-content\/uploads\/2022\/11\/FC_new_logo.png\" \/>\n\t<meta property=\"og:image:width\" content=\"2048\" \/>\n\t<meta property=\"og:image:height\" content=\"1021\" \/>\n\t<meta property=\"og:image:type\" content=\"image\/png\" \/>\n<meta name=\"twitter:card\" content=\"summary_large_image\" \/>\n<meta name=\"twitter:label1\" content=\"Tiempo de lectura\" \/>\n\t<meta name=\"twitter:data1\" content=\"2 minutos\" \/>\n<script type=\"application\/ld+json\" class=\"yoast-schema-graph\">{\"@context\":\"https:\/\/schema.org\",\"@graph\":[{\"@type\":\"WebPage\",\"@id\":\"https:\/\/floridaconnexion.com\/es\/why-us\/\",\"url\":\"https:\/\/floridaconnexion.com\/es\/why-us\/\",\"name\":\"\u00bfPor qu\u00e9 nosotros? | Propiedades de Florida Connexion\",\"isPartOf\":{\"@id\":\"https:\/\/floridaconnexion.com\/es\/#website\"},\"datePublished\":\"2025-05-21T21:31:35+00:00\",\"dateModified\":\"2025-10-02T01:25:00+00:00\",\"breadcrumb\":{\"@id\":\"https:\/\/floridaconnexion.com\/es\/why-us\/#breadcrumb\"},\"inLanguage\":\"es\",\"potentialAction\":[{\"@type\":\"ReadAction\",\"target\":[\"https:\/\/floridaconnexion.com\/es\/why-us\/\"]}]},{\"@type\":\"BreadcrumbList\",\"@id\":\"https:\/\/floridaconnexion.com\/es\/why-us\/#breadcrumb\",\"itemListElement\":[{\"@type\":\"ListItem\",\"position\":1,\"name\":\"Casa\",\"item\":\"https:\/\/floridaconnexion.com\/es\/\"},{\"@type\":\"ListItem\",\"position\":2,\"name\":\"\u00bfPor qu\u00e9 nosotros?\"}]},{\"@type\":\"WebSite\",\"@id\":\"https:\/\/floridaconnexion.com\/es\/#website\",\"url\":\"https:\/\/floridaconnexion.com\/es\/\",\"name\":\"Orlando real estate broker: Florida Connexion: Best real estate agents in Orlando\",\"description\":\"Oportunidades comerciales Florida\",\"publisher\":{\"@id\":\"https:\/\/floridaconnexion.com\/es\/#organization\"},\"alternateName\":\"Orlando property listings, Orlando real estate services, Orlando real estate market\",\"potentialAction\":[{\"@type\":\"SearchAction\",\"target\":{\"@type\":\"EntryPoint\",\"urlTemplate\":\"https:\/\/floridaconnexion.com\/es\/?s={search_term_string}\"},\"query-input\":{\"@type\":\"PropertyValueSpecification\",\"valueRequired\":true,\"valueName\":\"search_term_string\"}}],\"inLanguage\":\"es\"},{\"@type\":\"Organization\",\"@id\":\"https:\/\/floridaconnexion.com\/es\/#organization\",\"name\":\"Florida Connexion Properties: Orlando real estate broker: Buy house in Orlando\",\"alternateName\":\"Buy house in Orlando, Sell property Florida, Homes for sale in Orlando\",\"url\":\"https:\/\/floridaconnexion.com\/es\/\",\"logo\":{\"@type\":\"ImageObject\",\"inLanguage\":\"es\",\"@id\":\"https:\/\/floridaconnexion.com\/es\/#\/schema\/logo\/image\/\",\"url\":\"https:\/\/floridaconnexion.com\/wp-content\/uploads\/2022\/11\/FC_new_logo_map.png\",\"contentUrl\":\"https:\/\/floridaconnexion.com\/wp-content\/uploads\/2022\/11\/FC_new_logo_map.png\",\"width\":1023,\"height\":856,\"caption\":\"Florida Connexion Properties: Orlando real estate broker: Buy house in Orlando\"},\"image\":{\"@id\":\"https:\/\/floridaconnexion.com\/es\/#\/schema\/logo\/image\/\"},\"sameAs\":[\"https:\/\/www.facebook.com\/FloridaConnexion\/\",\"https:\/\/www.instagram.com\/floridaconnexion\/\",\"https:\/\/www.linkedin.com\/company\/florida-connexion\",\"https:\/\/www.youtube.com\/user\/floridaconnexion\"],\"description\":\"Florida Connexion Properties is an investment boutique specialized in serving foreign investors in the U.S. market. With 15 years of experience, our expertise spans residential and commercial real estate, as well as business brokerage. We design personalized strategies for wealth preservation, cash flow generation, and asset dollarization. We have a strong presence in Central Florida (Orlando, Windermere, Winter Garden, etc.), South Florida (Miami, Sunny Isles, Boca Raton, etc.), and the Gulf Coast (Tampa, Sarasota). Our multicultural team provides expert guidance in multiple languages, ensuring a seamless experience for global clients. Find the ideal strategy for your goals with specialists who deeply understand the Florida market.\"}]}<\/script>\n<!-- \/ Yoast SEO Premium plugin. -->","yoast_head_json":{"title":"\u00bfPor qu\u00e9 nosotros? | Propiedades de Florida Connexion","robots":{"index":"index","follow":"follow","max-snippet":"max-snippet:-1","max-image-preview":"max-image-preview:large","max-video-preview":"max-video-preview:-1"},"canonical":"https:\/\/floridaconnexion.com\/es\/why-us\/","og_locale":"es_ES","og_type":"article","og_title":"\u00bfPor qu\u00e9 nosotros?","og_description":"Florida Connexion es una empresa inmobiliaria con sede en Florida que atiende principalmente a inversores internacionales que desean comprar propiedades o","og_url":"https:\/\/floridaconnexion.com\/es\/why-us\/","og_site_name":"Propiedades de Florida Connexion","article_publisher":"https:\/\/www.facebook.com\/FloridaConnexion\/","article_modified_time":"2025-10-02T01:25:00+00:00","og_image":[{"width":2048,"height":1021,"url":"https:\/\/floridaconnexion.com\/wp-content\/uploads\/2022\/11\/FC_new_logo.png","type":"image\/png"}],"twitter_card":"summary_large_image","twitter_misc":{"Tiempo de lectura":"2 minutos"},"schema":{"@context":"https:\/\/schema.org","@graph":[{"@type":"WebPage","@id":"https:\/\/floridaconnexion.com\/es\/why-us\/","url":"https:\/\/floridaconnexion.com\/es\/why-us\/","name":"\u00bfPor qu\u00e9 nosotros? | Propiedades de Florida Connexion","isPartOf":{"@id":"https:\/\/floridaconnexion.com\/es\/#website"},"datePublished":"2025-05-21T21:31:35+00:00","dateModified":"2025-10-02T01:25:00+00:00","breadcrumb":{"@id":"https:\/\/floridaconnexion.com\/es\/why-us\/#breadcrumb"},"inLanguage":"es","potentialAction":[{"@type":"ReadAction","target":["https:\/\/floridaconnexion.com\/es\/why-us\/"]}]},{"@type":"BreadcrumbList","@id":"https:\/\/floridaconnexion.com\/es\/why-us\/#breadcrumb","itemListElement":[{"@type":"ListItem","position":1,"name":"Casa","item":"https:\/\/floridaconnexion.com\/es\/"},{"@type":"ListItem","position":2,"name":"\u00bfPor qu\u00e9 nosotros?"}]},{"@type":"WebSite","@id":"https:\/\/floridaconnexion.com\/es\/#website","url":"https:\/\/floridaconnexion.com\/es\/","name":"Orlando real estate broker: Florida Connexion: Best real estate agents in Orlando","description":"Oportunidades comerciales Florida","publisher":{"@id":"https:\/\/floridaconnexion.com\/es\/#organization"},"alternateName":"Orlando property listings, Orlando real estate services, Orlando real estate market","potentialAction":[{"@type":"SearchAction","target":{"@type":"EntryPoint","urlTemplate":"https:\/\/floridaconnexion.com\/es\/?s={search_term_string}"},"query-input":{"@type":"PropertyValueSpecification","valueRequired":true,"valueName":"search_term_string"}}],"inLanguage":"es"},{"@type":"Organization","@id":"https:\/\/floridaconnexion.com\/es\/#organization","name":"Florida Connexion Properties: Orlando real estate broker: Buy house in Orlando","alternateName":"Buy house in Orlando, Sell property Florida, Homes for sale in Orlando","url":"https:\/\/floridaconnexion.com\/es\/","logo":{"@type":"ImageObject","inLanguage":"es","@id":"https:\/\/floridaconnexion.com\/es\/#\/schema\/logo\/image\/","url":"https:\/\/floridaconnexion.com\/wp-content\/uploads\/2022\/11\/FC_new_logo_map.png","contentUrl":"https:\/\/floridaconnexion.com\/wp-content\/uploads\/2022\/11\/FC_new_logo_map.png","width":1023,"height":856,"caption":"Florida Connexion Properties: Orlando real estate broker: Buy house in Orlando"},"image":{"@id":"https:\/\/floridaconnexion.com\/es\/#\/schema\/logo\/image\/"},"sameAs":["https:\/\/www.facebook.com\/FloridaConnexion\/","https:\/\/www.instagram.com\/floridaconnexion\/","https:\/\/www.linkedin.com\/company\/florida-connexion","https:\/\/www.youtube.com\/user\/floridaconnexion"],"description":"Florida Connexion Properties is an investment boutique specialized in serving foreign investors in the U.S. market. With 15 years of experience, our expertise spans residential and commercial real estate, as well as business brokerage. We design personalized strategies for wealth preservation, cash flow generation, and asset dollarization. We have a strong presence in Central Florida (Orlando, Windermere, Winter Garden, etc.), South Florida (Miami, Sunny Isles, Boca Raton, etc.), and the Gulf Coast (Tampa, Sarasota). Our multicultural team provides expert guidance in multiple languages, ensuring a seamless experience for global clients. Find the ideal strategy for your goals with specialists who deeply understand the Florida market."}]}},"_links":{"self":[{"href":"https:\/\/floridaconnexion.com\/es\/wp-json\/wp\/v2\/pages\/17302","targetHints":{"allow":["GET"]}}],"collection":[{"href":"https:\/\/floridaconnexion.com\/es\/wp-json\/wp\/v2\/pages"}],"about":[{"href":"https:\/\/floridaconnexion.com\/es\/wp-json\/wp\/v2\/types\/page"}],"author":[{"embeddable":true,"href":"https:\/\/floridaconnexion.com\/es\/wp-json\/wp\/v2\/users\/1"}],"replies":[{"embeddable":true,"href":"https:\/\/floridaconnexion.com\/es\/wp-json\/wp\/v2\/comments?post=17302"}],"version-history":[{"count":6,"href":"https:\/\/floridaconnexion.com\/es\/wp-json\/wp\/v2\/pages\/17302\/revisions"}],"predecessor-version":[{"id":18314,"href":"https:\/\/floridaconnexion.com\/es\/wp-json\/wp\/v2\/pages\/17302\/revisions\/18314"}],"wp:attachment":[{"href":"https:\/\/floridaconnexion.com\/es\/wp-json\/wp\/v2\/media?parent=17302"}],"curies":[{"name":"wp","href":"https:\/\/api.w.org\/{rel}","templated":true}]}}